{"id":774,"date":"2024-12-05T10:12:50","date_gmt":"2024-12-05T08:12:50","guid":{"rendered":"https:\/\/kielinivel.tnk.fi\/?page_id=774"},"modified":"2025-01-14T22:26:26","modified_gmt":"2025-01-14T20:26:26","slug":"miten-kemiaa-opiskellaan-kotona","status":"publish","type":"page","link":"https:\/\/kielinivel.tnk.fi\/?page_id=774","title":{"rendered":"Miten kemiaa opiskellaan kotona?"},"content":{"rendered":"\n<figure class=\"wp-block-audio\"><audio controls src=\"https:\/\/kielinivel.tnk.fi\/wp-content\/uploads\/2025\/01\/Suomi_kemia_kotona-2025-01-12-14_30_25.mp3\"><\/audio><\/figure>\n\n\n\n<ol class=\"wp-block-list\">\n<li>Lue oppikirjatekstin otsikko ja v\u00e4liotsikot. Mist\u00e4 teksti kertoo?<\/li>\n\n\n\n<li>Mitk\u00e4 ovat t\u00e4rkeimm\u00e4t uudet k\u00e4sitteet? Miten ne m\u00e4\u00e4ritell\u00e4\u00e4n tekstiss\u00e4 \u2013 kerro omin sanoin. K\u00e4yt\u00e4 kuvia ja kaavioita apuna.<\/li>\n\n\n\n<li>Varmista, ett\u00e4 ymm\u00e4rr\u00e4t, millaisia yhteyksi\u00e4 asioilla on: Mitk\u00e4 asiat vaikuttavat toisiinsa? Millaisista syiden ja seurausten ketjuista tekstiss\u00e4 kerrotaan? Piirr\u00e4 n\u00e4ist\u00e4 nuolikaavioita.<\/li>\n\n\n\n<li>Tee kotiteht\u00e4v\u00e4t.<\/li>\n<\/ol>\n\n\n\n<p><\/p>\n\n\n\n<div class=\"wp-block-buttons is-layout-flex wp-block-buttons-is-layout-flex\">\n<div class=\"wp-block-button\"><a class=\"wp-block-button__link wp-element-button\" href=\"https:\/\/kielinivel.tnk.fi\/?page_id=130\"><strong>\u276e\u276e&nbsp;TAKAISIN TEKSTIIN<\/strong><\/a><\/div>\n<\/div>\n\n\n\n<p><\/p>\n","protected":false},"excerpt":{"rendered":"","protected":false},"author":2,"featured_media":0,"parent":130,"menu_order":12,"comment_status":"closed","ping_status":"closed","template":"","meta":{"footnotes":""},"class_list":["post-774","page","type-page","status-publish","hentry"],"_links":{"self":[{"href":"https:\/\/kielinivel.tnk.fi\/index.php?rest_route=\/wp\/v2\/pages\/774","targetHints":{"allow":["GET"]}}],"collection":[{"href":"https:\/\/kielinivel.tnk.fi\/index.php?rest_route=\/wp\/v2\/pages"}],"about":[{"href":"https:\/\/kielinivel.tnk.fi\/index.php?rest_route=\/wp\/v2\/types\/page"}],"author":[{"embeddable":true,"href":"https:\/\/kielinivel.tnk.fi\/index.php?rest_route=\/wp\/v2\/users\/2"}],"replies":[{"embeddable":true,"href":"https:\/\/kielinivel.tnk.fi\/index.php?rest_route=%2Fwp%2Fv2%2Fcomments&post=774"}],"version-history":[{"count":3,"href":"https:\/\/kielinivel.tnk.fi\/index.php?rest_route=\/wp\/v2\/pages\/774\/revisions"}],"predecessor-version":[{"id":3598,"href":"https:\/\/kielinivel.tnk.fi\/index.php?rest_route=\/wp\/v2\/pages\/774\/revisions\/3598"}],"up":[{"embeddable":true,"href":"https:\/\/kielinivel.tnk.fi\/index.php?rest_route=\/wp\/v2\/pages\/130"}],"wp:attachment":[{"href":"https:\/\/kielinivel.tnk.fi\/index.php?rest_route=%2Fwp%2Fv2%2Fmedia&parent=774"}],"curies":[{"name":"wp","href":"https:\/\/api.w.org\/{rel}","templated":true}]}}