{"id":776,"date":"2024-12-05T10:13:51","date_gmt":"2024-12-05T08:13:51","guid":{"rendered":"https:\/\/kielinivel.tnk.fi\/?page_id=776"},"modified":"2025-01-14T22:27:01","modified_gmt":"2025-01-14T20:27:01","slug":"miten-kemian-kokeeseen-kerrataan","status":"publish","type":"page","link":"https:\/\/kielinivel.tnk.fi\/?page_id=776","title":{"rendered":"Miten kemian kokeeseen kerrataan?"},"content":{"rendered":"\n<figure class=\"wp-block-audio\"><audio controls src=\"https:\/\/kielinivel.tnk.fi\/wp-content\/uploads\/2025\/01\/Suomi_kemia_kokeisiin-2025-01-12-14_32_24.mp3\"><\/audio><\/figure>\n\n\n\n<ol class=\"wp-block-list\">\n<li>Kertaa kappaleet muutaman sivun ryhmin\u00e4 useina p\u00e4ivin\u00e4 ennen koetta, tee muistiinpanoja, piirroksia ja kuvioita muistin tueksi.<\/li>\n\n\n\n<li>Varmista, ett\u00e4 muistat ulkoa kemian erikoismerkit, esimerkiksi alkuaineiden tunnukset.<\/li>\n\n\n\n<li>Varmista tekstiss\u00e4 kerrottujen asioiden ymm\u00e4rt\u00e4minen kirjan kaavioista, reaktioyht\u00e4l\u00f6ist\u00e4 ja kuvista.<\/li>\n\n\n\n<li>Tutki laskuesimerkit. Harjoittele laskuja, jos niit\u00e4 on tulossa kokeeseen.<\/li>\n<\/ol>\n\n\n\n<p><\/p>\n\n\n\n<div class=\"wp-block-buttons is-layout-flex wp-block-buttons-is-layout-flex\">\n<div class=\"wp-block-button\"><a class=\"wp-block-button__link wp-element-button\" href=\"https:\/\/kielinivel.tnk.fi\/?page_id=130\"><strong>\u276e\u276e&nbsp;TAKAISIN TEKSTIIN<\/strong><\/a><\/div>\n<\/div>\n\n\n\n<p><\/p>\n","protected":false},"excerpt":{"rendered":"","protected":false},"author":2,"featured_media":0,"parent":130,"menu_order":13,"comment_status":"closed","ping_status":"closed","template":"","meta":{"footnotes":""},"class_list":["post-776","page","type-page","status-publish","hentry"],"_links":{"self":[{"href":"https:\/\/kielinivel.tnk.fi\/index.php?rest_route=\/wp\/v2\/pages\/776","targetHints":{"allow":["GET"]}}],"collection":[{"href":"https:\/\/kielinivel.tnk.fi\/index.php?rest_route=\/wp\/v2\/pages"}],"about":[{"href":"https:\/\/kielinivel.tnk.fi\/index.php?rest_route=\/wp\/v2\/types\/page"}],"author":[{"embeddable":true,"href":"https:\/\/kielinivel.tnk.fi\/index.php?rest_route=\/wp\/v2\/users\/2"}],"replies":[{"embeddable":true,"href":"https:\/\/kielinivel.tnk.fi\/index.php?rest_route=%2Fwp%2Fv2%2Fcomments&post=776"}],"version-history":[{"count":3,"href":"https:\/\/kielinivel.tnk.fi\/index.php?rest_route=\/wp\/v2\/pages\/776\/revisions"}],"predecessor-version":[{"id":3600,"href":"https:\/\/kielinivel.tnk.fi\/index.php?rest_route=\/wp\/v2\/pages\/776\/revisions\/3600"}],"up":[{"embeddable":true,"href":"https:\/\/kielinivel.tnk.fi\/index.php?rest_route=\/wp\/v2\/pages\/130"}],"wp:attachment":[{"href":"https:\/\/kielinivel.tnk.fi\/index.php?rest_route=%2Fwp%2Fv2%2Fmedia&parent=776"}],"curies":[{"name":"wp","href":"https:\/\/api.w.org\/{rel}","templated":true}]}}