{"id":801,"date":"2024-12-05T11:29:20","date_gmt":"2024-12-05T09:29:20","guid":{"rendered":"https:\/\/kielinivel.tnk.fi\/?page_id=801"},"modified":"2025-01-13T20:04:39","modified_gmt":"2025-01-13T18:04:39","slug":"miten-matematiikan-teksteja-luetaan-2","status":"publish","type":"page","link":"https:\/\/kielinivel.tnk.fi\/?page_id=801","title":{"rendered":"Miten matematiikan tekstej\u00e4 luetaan? &#8211; 2"},"content":{"rendered":"\n<figure class=\"wp-block-audio\"><audio controls src=\"https:\/\/kielinivel.tnk.fi\/wp-content\/uploads\/2025\/01\/Suomi_matem_2-2025-01-12-12_58_39.mp3\"><\/audio><\/figure>\n\n\n\n<p class=\"has-medium-font-size\">Tekstiss\u00e4 esiintyv\u00e4t muut <strong>t\u00e4rke\u00e4t k\u00e4sitteet on<\/strong> <strong>lihavoitu <\/strong>tai erottuvat tekstist\u00e4 muulla tavalla. Tekstist\u00e4 voi l\u00f6yt\u00e4\u00e4 jokaisen k\u00e4sitteen <strong>m\u00e4\u00e4ritelm\u00e4n<\/strong>. M\u00e4\u00e4ritelm\u00e4ss\u00e4 selitet\u00e4\u00e4n asia toisilla sanoilla. M\u00e4\u00e4ritelm\u00e4lauseen tunnistaa esimerkiksi sanoista <em>tarkoittaa, kutsutaan, on\/ovat, merkitsee.<\/em><\/p>\n\n\n\n<p><\/p>\n\n\n\n<div class=\"wp-block-buttons is-layout-flex wp-block-buttons-is-layout-flex\">\n<div class=\"wp-block-button\"><a class=\"wp-block-button__link wp-element-button\" href=\"https:\/\/kielinivel.tnk.fi\/?page_id=169\"><strong>\u276e\u276e&nbsp;TAKAISIN TEKSTIIN<\/strong><\/a><\/div>\n<\/div>\n\n\n\n<p><\/p>\n","protected":false},"excerpt":{"rendered":"<p>Tekstiss\u00e4 esiintyv\u00e4t muut t\u00e4rke\u00e4t k\u00e4sitteet on lihavoitu tai erottuvat tekstist\u00e4 muulla tavalla. Tekstist\u00e4 voi l\u00f6yt\u00e4\u00e4 jokaisen k\u00e4sitteen m\u00e4\u00e4ritelm\u00e4n. M\u00e4\u00e4ritelm\u00e4ss\u00e4 selitet\u00e4\u00e4n asia toisilla sanoilla. M\u00e4\u00e4ritelm\u00e4lauseen tunnistaa esimerkiksi sanoista tarkoittaa, kutsutaan, on\/ovat, merkitsee.<\/p>\n","protected":false},"author":2,"featured_media":0,"parent":169,"menu_order":0,"comment_status":"closed","ping_status":"closed","template":"","meta":{"footnotes":""},"class_list":["post-801","page","type-page","status-publish","hentry"],"_links":{"self":[{"href":"https:\/\/kielinivel.tnk.fi\/index.php?rest_route=\/wp\/v2\/pages\/801","targetHints":{"allow":["GET"]}}],"collection":[{"href":"https:\/\/kielinivel.tnk.fi\/index.php?rest_route=\/wp\/v2\/pages"}],"about":[{"href":"https:\/\/kielinivel.tnk.fi\/index.php?rest_route=\/wp\/v2\/types\/page"}],"author":[{"embeddable":true,"href":"https:\/\/kielinivel.tnk.fi\/index.php?rest_route=\/wp\/v2\/users\/2"}],"replies":[{"embeddable":true,"href":"https:\/\/kielinivel.tnk.fi\/index.php?rest_route=%2Fwp%2Fv2%2Fcomments&post=801"}],"version-history":[{"count":3,"href":"https:\/\/kielinivel.tnk.fi\/index.php?rest_route=\/wp\/v2\/pages\/801\/revisions"}],"predecessor-version":[{"id":3414,"href":"https:\/\/kielinivel.tnk.fi\/index.php?rest_route=\/wp\/v2\/pages\/801\/revisions\/3414"}],"up":[{"embeddable":true,"href":"https:\/\/kielinivel.tnk.fi\/index.php?rest_route=\/wp\/v2\/pages\/169"}],"wp:attachment":[{"href":"https:\/\/kielinivel.tnk.fi\/index.php?rest_route=%2Fwp%2Fv2%2Fmedia&parent=801"}],"curies":[{"name":"wp","href":"https:\/\/api.w.org\/{rel}","templated":true}]}}