{"id":803,"date":"2024-12-05T11:30:57","date_gmt":"2024-12-05T09:30:57","guid":{"rendered":"https:\/\/kielinivel.tnk.fi\/?page_id=803"},"modified":"2025-01-13T20:05:18","modified_gmt":"2025-01-13T18:05:18","slug":"miten-matematiikan-teksteja-luetaan-3","status":"publish","type":"page","link":"https:\/\/kielinivel.tnk.fi\/?page_id=803","title":{"rendered":"Miten matematiikan tekstej\u00e4 luetaan? &#8211; 3"},"content":{"rendered":"\n<figure class=\"wp-block-audio\"><audio controls src=\"https:\/\/kielinivel.tnk.fi\/wp-content\/uploads\/2025\/01\/Suomi_matem_3-2025-01-12-12_59_48.mp3\"><\/audio><\/figure>\n\n\n\n<p class=\"has-medium-font-size\">Havainnollisten kuvien j\u00e4lkeen tekstiss\u00e4 on kaksi<strong> esimerkkiteht\u00e4v\u00e4\u00e4<\/strong>. Niihin on my\u00f6s<strong> ratkaisut<\/strong>.&nbsp; Niiden avulla ymm\u00e4rr\u00e4t k\u00e4sitteet paremmin. Esimerkkiteht\u00e4vien avullapystyt ratkaisemaan <strong>teht\u00e4v\u00e4t.<\/strong><\/p>\n\n\n\n<p><\/p>\n\n\n\n<div class=\"wp-block-buttons is-layout-flex wp-block-buttons-is-layout-flex\">\n<div class=\"wp-block-button\"><a class=\"wp-block-button__link wp-element-button\" href=\"https:\/\/kielinivel.tnk.fi\/?page_id=169\"><strong>\u276e\u276e&nbsp;TAKAISIN TEKSTIIN<\/strong><\/a><\/div>\n<\/div>\n\n\n\n<p><\/p>\n","protected":false},"excerpt":{"rendered":"<p>Havainnollisten kuvien j\u00e4lkeen tekstiss\u00e4 on kaksi esimerkkiteht\u00e4v\u00e4\u00e4. Niihin on my\u00f6s ratkaisut.&nbsp; Niiden avulla ymm\u00e4rr\u00e4t k\u00e4sitteet paremmin. Esimerkkiteht\u00e4vien avullapystyt ratkaisemaan teht\u00e4v\u00e4t.<\/p>\n","protected":false},"author":2,"featured_media":0,"parent":169,"menu_order":0,"comment_status":"closed","ping_status":"closed","template":"","meta":{"footnotes":""},"class_list":["post-803","page","type-page","status-publish","hentry"],"_links":{"self":[{"href":"https:\/\/kielinivel.tnk.fi\/index.php?rest_route=\/wp\/v2\/pages\/803","targetHints":{"allow":["GET"]}}],"collection":[{"href":"https:\/\/kielinivel.tnk.fi\/index.php?rest_route=\/wp\/v2\/pages"}],"about":[{"href":"https:\/\/kielinivel.tnk.fi\/index.php?rest_route=\/wp\/v2\/types\/page"}],"author":[{"embeddable":true,"href":"https:\/\/kielinivel.tnk.fi\/index.php?rest_route=\/wp\/v2\/users\/2"}],"replies":[{"embeddable":true,"href":"https:\/\/kielinivel.tnk.fi\/index.php?rest_route=%2Fwp%2Fv2%2Fcomments&post=803"}],"version-history":[{"count":3,"href":"https:\/\/kielinivel.tnk.fi\/index.php?rest_route=\/wp\/v2\/pages\/803\/revisions"}],"predecessor-version":[{"id":3416,"href":"https:\/\/kielinivel.tnk.fi\/index.php?rest_route=\/wp\/v2\/pages\/803\/revisions\/3416"}],"up":[{"embeddable":true,"href":"https:\/\/kielinivel.tnk.fi\/index.php?rest_route=\/wp\/v2\/pages\/169"}],"wp:attachment":[{"href":"https:\/\/kielinivel.tnk.fi\/index.php?rest_route=%2Fwp%2Fv2%2Fmedia&parent=803"}],"curies":[{"name":"wp","href":"https:\/\/api.w.org\/{rel}","templated":true}]}}