{"id":813,"date":"2024-12-05T11:37:40","date_gmt":"2024-12-05T09:37:40","guid":{"rendered":"https:\/\/kielinivel.tnk.fi\/?page_id=813"},"modified":"2025-01-13T20:06:38","modified_gmt":"2025-01-13T18:06:38","slug":"miten-matematiikan-teksteja-luetaan-5","status":"publish","type":"page","link":"https:\/\/kielinivel.tnk.fi\/?page_id=813","title":{"rendered":"Miten matematiikan tekstej\u00e4 luetaan? &#8211; 5"},"content":{"rendered":"\n<figure class=\"wp-block-audio\"><audio controls src=\"https:\/\/kielinivel.tnk.fi\/wp-content\/uploads\/2025\/01\/Suomi_matem_5-2025-01-12-13_01_32.mp3\"><\/audio><\/figure>\n\n\n\n<p class=\"has-medium-font-size\">Matematiikassa sanalliset teht\u00e4v\u00e4t&nbsp; ratkaistaan <strong>mallin mukaan. <\/strong>Mit\u00e4 useammin teet teht\u00e4vi\u00e4, sen helpommin l\u00f6yd\u00e4t ratkaisut.<\/p>\n\n\n\n<p><\/p>\n\n\n\n<div class=\"wp-block-buttons is-layout-flex wp-block-buttons-is-layout-flex\">\n<div class=\"wp-block-button\"><a class=\"wp-block-button__link wp-element-button\" href=\"https:\/\/kielinivel.tnk.fi\/?page_id=169\"><strong>\u276e\u276e&nbsp;TAKAISIN TEKSTIIN<\/strong><\/a><\/div>\n<\/div>\n\n\n\n<p><\/p>\n","protected":false},"excerpt":{"rendered":"<p>Matematiikassa sanalliset teht\u00e4v\u00e4t&nbsp; ratkaistaan mallin mukaan. Mit\u00e4 useammin teet teht\u00e4vi\u00e4, sen helpommin l\u00f6yd\u00e4t ratkaisut.<\/p>\n","protected":false},"author":2,"featured_media":0,"parent":169,"menu_order":0,"comment_status":"closed","ping_status":"closed","template":"","meta":{"footnotes":""},"class_list":["post-813","page","type-page","status-publish","hentry"],"_links":{"self":[{"href":"https:\/\/kielinivel.tnk.fi\/index.php?rest_route=\/wp\/v2\/pages\/813","targetHints":{"allow":["GET"]}}],"collection":[{"href":"https:\/\/kielinivel.tnk.fi\/index.php?rest_route=\/wp\/v2\/pages"}],"about":[{"href":"https:\/\/kielinivel.tnk.fi\/index.php?rest_route=\/wp\/v2\/types\/page"}],"author":[{"embeddable":true,"href":"https:\/\/kielinivel.tnk.fi\/index.php?rest_route=\/wp\/v2\/users\/2"}],"replies":[{"embeddable":true,"href":"https:\/\/kielinivel.tnk.fi\/index.php?rest_route=%2Fwp%2Fv2%2Fcomments&post=813"}],"version-history":[{"count":2,"href":"https:\/\/kielinivel.tnk.fi\/index.php?rest_route=\/wp\/v2\/pages\/813\/revisions"}],"predecessor-version":[{"id":3420,"href":"https:\/\/kielinivel.tnk.fi\/index.php?rest_route=\/wp\/v2\/pages\/813\/revisions\/3420"}],"up":[{"embeddable":true,"href":"https:\/\/kielinivel.tnk.fi\/index.php?rest_route=\/wp\/v2\/pages\/169"}],"wp:attachment":[{"href":"https:\/\/kielinivel.tnk.fi\/index.php?rest_route=%2Fwp%2Fv2%2Fmedia&parent=813"}],"curies":[{"name":"wp","href":"https:\/\/api.w.org\/{rel}","templated":true}]}}