{"id":815,"date":"2024-12-05T11:38:43","date_gmt":"2024-12-05T09:38:43","guid":{"rendered":"https:\/\/kielinivel.tnk.fi\/?page_id=815"},"modified":"2025-01-13T20:09:03","modified_gmt":"2025-01-13T18:09:03","slug":"miten-matematiikan-teksteja-luetaan-6","status":"publish","type":"page","link":"https:\/\/kielinivel.tnk.fi\/?page_id=815","title":{"rendered":"Miten matematiikan tekstej\u00e4 luetaan? &#8211; 6"},"content":{"rendered":"\n<figure class=\"wp-block-audio\"><audio controls src=\"https:\/\/kielinivel.tnk.fi\/wp-content\/uploads\/2025\/01\/Suomi_matem_6-2025-01-12-13_02_46.mp3\"><\/audio><\/figure>\n\n\n\n<p class=\"has-medium-font-size\">Teht\u00e4v\u00e4t alkavat <strong>teht\u00e4v\u00e4nannolla<\/strong>. Teht\u00e4v\u00e4nanto on useimmiten k\u00e4skymuodossa. Matematiikan teht\u00e4v\u00e4nantoja ovat esimerkiksi <strong>laske, m\u00e4\u00e4rit\u00e4, piirr\u00e4, merkitse, mittaa, p\u00e4\u00e4ttele, arvioi, vertaile. <\/strong>Teht\u00e4v\u00e4 voi olla my\u00f6s<strong> suora kysymys, <\/strong>esim.<strong> Mik\u00e4? Milloin? Kuinka kauan?<\/strong><\/p>\n\n\n\n<p><\/p>\n\n\n\n<div class=\"wp-block-buttons is-layout-flex wp-block-buttons-is-layout-flex\">\n<div class=\"wp-block-button\"><a class=\"wp-block-button__link wp-element-button\" href=\"https:\/\/kielinivel.tnk.fi\/?page_id=169\"><strong>\u276e\u276e&nbsp;TAKAISIN TEKSTIIN<\/strong><\/a><\/div>\n<\/div>\n\n\n\n<p><\/p>\n","protected":false},"excerpt":{"rendered":"<p>Teht\u00e4v\u00e4t alkavat teht\u00e4v\u00e4nannolla. Teht\u00e4v\u00e4nanto on useimmiten k\u00e4skymuodossa. Matematiikan teht\u00e4v\u00e4nantoja ovat esimerkiksi laske, m\u00e4\u00e4rit\u00e4, piirr\u00e4, merkitse, mittaa, p\u00e4\u00e4ttele, arvioi, vertaile. Teht\u00e4v\u00e4 voi olla my\u00f6s suora kysymys, esim. Mik\u00e4? Milloin? Kuinka kauan?<\/p>\n","protected":false},"author":2,"featured_media":0,"parent":169,"menu_order":0,"comment_status":"closed","ping_status":"closed","template":"","meta":{"footnotes":""},"class_list":["post-815","page","type-page","status-publish","hentry"],"_links":{"self":[{"href":"https:\/\/kielinivel.tnk.fi\/index.php?rest_route=\/wp\/v2\/pages\/815","targetHints":{"allow":["GET"]}}],"collection":[{"href":"https:\/\/kielinivel.tnk.fi\/index.php?rest_route=\/wp\/v2\/pages"}],"about":[{"href":"https:\/\/kielinivel.tnk.fi\/index.php?rest_route=\/wp\/v2\/types\/page"}],"author":[{"embeddable":true,"href":"https:\/\/kielinivel.tnk.fi\/index.php?rest_route=\/wp\/v2\/users\/2"}],"replies":[{"embeddable":true,"href":"https:\/\/kielinivel.tnk.fi\/index.php?rest_route=%2Fwp%2Fv2%2Fcomments&post=815"}],"version-history":[{"count":3,"href":"https:\/\/kielinivel.tnk.fi\/index.php?rest_route=\/wp\/v2\/pages\/815\/revisions"}],"predecessor-version":[{"id":3426,"href":"https:\/\/kielinivel.tnk.fi\/index.php?rest_route=\/wp\/v2\/pages\/815\/revisions\/3426"}],"up":[{"embeddable":true,"href":"https:\/\/kielinivel.tnk.fi\/index.php?rest_route=\/wp\/v2\/pages\/169"}],"wp:attachment":[{"href":"https:\/\/kielinivel.tnk.fi\/index.php?rest_route=%2Fwp%2Fv2%2Fmedia&parent=815"}],"curies":[{"name":"wp","href":"https:\/\/api.w.org\/{rel}","templated":true}]}}