{"id":817,"date":"2024-12-05T11:39:55","date_gmt":"2024-12-05T09:39:55","guid":{"rendered":"https:\/\/kielinivel.tnk.fi\/?page_id=817"},"modified":"2025-01-13T20:07:18","modified_gmt":"2025-01-13T18:07:18","slug":"miten-matematiikan-teksteja-luetaan-7","status":"publish","type":"page","link":"https:\/\/kielinivel.tnk.fi\/?page_id=817","title":{"rendered":"Miten matematiikan tekstej\u00e4 luetaan? &#8211; 7"},"content":{"rendered":"\n<figure class=\"wp-block-audio\"><audio controls src=\"https:\/\/kielinivel.tnk.fi\/wp-content\/uploads\/2025\/01\/Suomi_matem_7-2025-01-12-13_03_50.mp3\"><\/audio><\/figure>\n\n\n\n<p class=\"has-medium-font-size\">Tekstist\u00e4 voi l\u00f6yt\u00e4\u00e4 my\u00f6s esimerkin k\u00e4sitteen tarkoittamasta asiasta. \u00c4l\u00e4 sekoita tekstiesimerkki\u00e4 teht\u00e4v\u00e4esimerkkeihin. Esimerkin lyhenne on esim.<\/p>\n\n\n\n<p><\/p>\n\n\n\n<div class=\"wp-block-buttons is-layout-flex wp-block-buttons-is-layout-flex\">\n<div class=\"wp-block-button\"><a class=\"wp-block-button__link wp-element-button\" href=\"https:\/\/kielinivel.tnk.fi\/?page_id=169\"><strong>\u276e\u276e&nbsp;TAKAISIN TEKSTIIN<\/strong><\/a><\/div>\n<\/div>\n\n\n\n<p><\/p>\n","protected":false},"excerpt":{"rendered":"<p>Tekstist\u00e4 voi l\u00f6yt\u00e4\u00e4 my\u00f6s esimerkin k\u00e4sitteen tarkoittamasta asiasta. \u00c4l\u00e4 sekoita tekstiesimerkki\u00e4 teht\u00e4v\u00e4esimerkkeihin. Esimerkin lyhenne on esim.<\/p>\n","protected":false},"author":2,"featured_media":0,"parent":169,"menu_order":0,"comment_status":"closed","ping_status":"closed","template":"","meta":{"footnotes":""},"class_list":["post-817","page","type-page","status-publish","hentry"],"_links":{"self":[{"href":"https:\/\/kielinivel.tnk.fi\/index.php?rest_route=\/wp\/v2\/pages\/817","targetHints":{"allow":["GET"]}}],"collection":[{"href":"https:\/\/kielinivel.tnk.fi\/index.php?rest_route=\/wp\/v2\/pages"}],"about":[{"href":"https:\/\/kielinivel.tnk.fi\/index.php?rest_route=\/wp\/v2\/types\/page"}],"author":[{"embeddable":true,"href":"https:\/\/kielinivel.tnk.fi\/index.php?rest_route=\/wp\/v2\/users\/2"}],"replies":[{"embeddable":true,"href":"https:\/\/kielinivel.tnk.fi\/index.php?rest_route=%2Fwp%2Fv2%2Fcomments&post=817"}],"version-history":[{"count":2,"href":"https:\/\/kielinivel.tnk.fi\/index.php?rest_route=\/wp\/v2\/pages\/817\/revisions"}],"predecessor-version":[{"id":3422,"href":"https:\/\/kielinivel.tnk.fi\/index.php?rest_route=\/wp\/v2\/pages\/817\/revisions\/3422"}],"up":[{"embeddable":true,"href":"https:\/\/kielinivel.tnk.fi\/index.php?rest_route=\/wp\/v2\/pages\/169"}],"wp:attachment":[{"href":"https:\/\/kielinivel.tnk.fi\/index.php?rest_route=%2Fwp%2Fv2%2Fmedia&parent=817"}],"curies":[{"name":"wp","href":"https:\/\/api.w.org\/{rel}","templated":true}]}}