{"id":825,"date":"2024-12-05T12:13:19","date_gmt":"2024-12-05T10:13:19","guid":{"rendered":"https:\/\/kielinivel.tnk.fi\/?page_id=825"},"modified":"2025-01-13T20:13:25","modified_gmt":"2025-01-13T18:13:25","slug":"miten-matematiikan-kokeisiin-kerrataan","status":"publish","type":"page","link":"https:\/\/kielinivel.tnk.fi\/?page_id=825","title":{"rendered":"Miten matematiikan kokeisiin kerrataan?"},"content":{"rendered":"\n<figure class=\"wp-block-audio\"><audio controls src=\"https:\/\/kielinivel.tnk.fi\/wp-content\/uploads\/2025\/01\/Suomi_matem_kokeisiin-2025-01-12-13_16_17.mp3\"><\/audio><\/figure>\n\n\n\n<ol class=\"wp-block-list\">\n<li>Tee aina kotiteht\u00e4v\u00e4t. Varmista jo tunneilla, ett\u00e4 ymm\u00e4rr\u00e4t asiat.<\/li>\n\n\n\n<li>Kertaa keskeiset k\u00e4sitteet ja laskus\u00e4\u00e4nn\u00f6t. Varmista, ett\u00e4 osaat m\u00e4\u00e4ritell\u00e4 uudet k\u00e4sitteet: &nbsp;kerro tai kirjoita ne omin sanoin. Keksi laskus\u00e4\u00e4nt\u00f6jen muistamiseen muistis\u00e4\u00e4nt\u00f6j\u00e4. Muista antaa esimerkki uudesta k\u00e4sitteest\u00e4 tai laskus\u00e4\u00e4nn\u00f6st\u00e4. Voitko lukea kokeeseen perheen tai kaverin kanssa?<\/li>\n\n\n\n<li>Harjoittele laskuja. Etsi alkutiedot ja ehdot. Ei haittaa, vaikka olisit tehnyt laskut aiemmin. Laskemisessa tarvitaan rutiinia!<\/li>\n\n\n\n<li>Piirr\u00e4 selvent\u00e4v\u00e4 kuvio, jos lasku tuntuu vaikealta.<\/li>\n\n\n\n<li>Jos tarvitset kokeessa harppia, laskinta, geokolmiota tai viivainta, varmista, ett\u00e4 osaat k\u00e4ytt\u00e4\u00e4 niit\u00e4.<\/li>\n<\/ol>\n\n\n\n<p><\/p>\n\n\n\n<div class=\"wp-block-buttons is-layout-flex wp-block-buttons-is-layout-flex\">\n<div class=\"wp-block-button\"><a class=\"wp-block-button__link wp-element-button\" href=\"https:\/\/kielinivel.tnk.fi\/?page_id=169\"><strong>\u276e\u276e&nbsp;TAKAISIN TEKSTIIN<\/strong><\/a><\/div>\n<\/div>\n\n\n\n<p><\/p>\n","protected":false},"excerpt":{"rendered":"","protected":false},"author":2,"featured_media":0,"parent":169,"menu_order":13,"comment_status":"closed","ping_status":"closed","template":"","meta":{"footnotes":""},"class_list":["post-825","page","type-page","status-publish","hentry"],"_links":{"self":[{"href":"https:\/\/kielinivel.tnk.fi\/index.php?rest_route=\/wp\/v2\/pages\/825","targetHints":{"allow":["GET"]}}],"collection":[{"href":"https:\/\/kielinivel.tnk.fi\/index.php?rest_route=\/wp\/v2\/pages"}],"about":[{"href":"https:\/\/kielinivel.tnk.fi\/index.php?rest_route=\/wp\/v2\/types\/page"}],"author":[{"embeddable":true,"href":"https:\/\/kielinivel.tnk.fi\/index.php?rest_route=\/wp\/v2\/users\/2"}],"replies":[{"embeddable":true,"href":"https:\/\/kielinivel.tnk.fi\/index.php?rest_route=%2Fwp%2Fv2%2Fcomments&post=825"}],"version-history":[{"count":2,"href":"https:\/\/kielinivel.tnk.fi\/index.php?rest_route=\/wp\/v2\/pages\/825\/revisions"}],"predecessor-version":[{"id":3436,"href":"https:\/\/kielinivel.tnk.fi\/index.php?rest_route=\/wp\/v2\/pages\/825\/revisions\/3436"}],"up":[{"embeddable":true,"href":"https:\/\/kielinivel.tnk.fi\/index.php?rest_route=\/wp\/v2\/pages\/169"}],"wp:attachment":[{"href":"https:\/\/kielinivel.tnk.fi\/index.php?rest_route=%2Fwp%2Fv2%2Fmedia&parent=825"}],"curies":[{"name":"wp","href":"https:\/\/api.w.org\/{rel}","templated":true}]}}