{"id":832,"date":"2024-12-05T14:19:47","date_gmt":"2024-12-05T12:19:47","guid":{"rendered":"https:\/\/kielinivel.tnk.fi\/?page_id=832"},"modified":"2025-01-13T20:15:54","modified_gmt":"2025-01-13T18:15:54","slug":"miten-kielenopiskelun-kirjojen-teksteja-luetaan-1","status":"publish","type":"page","link":"https:\/\/kielinivel.tnk.fi\/?page_id=832","title":{"rendered":"Miten kielenopiskelun kirjojen tekstej\u00e4 luetaan? &#8211; 1"},"content":{"rendered":"\n<figure class=\"wp-block-audio\"><audio controls src=\"https:\/\/kielinivel.tnk.fi\/wp-content\/uploads\/2025\/01\/Suomi_kielenopiskelu_1-2025-01-12-10_25_57-1.mp3\"><\/audio><\/figure>\n\n\n\n<p>Kaikkien kielten oppikirjojen tekstej\u00e4 voidaan lukea samoilla keinoilla. Kielten oppikirjat laaditaan niin, ett\u00e4 <strong>my\u00f6hemmin tulevissa oppikirjan luvuissa hy\u00f6dynnet\u00e4\u00e4n&nbsp; edellisten lukujen sanastoa ja kielioppia<\/strong>. Siksi kielen opiskelussa on t\u00e4rke\u00e4\u00e4, ett\u00e4 opiskellaan oppikirjan luvut j\u00e4rjestyksess\u00e4. Jos oppilas on ollut poissa, h\u00e4nen pit\u00e4\u00e4 opiskella itsen\u00e4isesti ne asiat, jotka on opiskeltu poissaolon aikana. Opettajalta voi pyyt\u00e4\u00e4 apua. <strong>Lukuteksti<\/strong> on tarkoitettu <strong>\u00e4\u00e4neen luettavaksi<\/strong>. Lukuteksti voi olla my\u00f6s <strong>vuoropuhelu<\/strong> eli dialogi ihmisten v\u00e4lill\u00e4. Usein vuoropuhelut <strong>liittyv\u00e4t tilanteisiin<\/strong>. Kun teksti luetaan \u00e4\u00e4neen, saadaan <strong>malli \u00e4\u00e4nt\u00e4misest\u00e4<\/strong>. \u00c4\u00e4neen lukeminen my\u00f6s auttaa <strong>muistamaan<\/strong> sanoja, ilmaisuja ja rakenteita. Tekstiin liittyv\u00e4 kuva auttaa ymm\u00e4rt\u00e4m\u00e4\u00e4n tilannetta. Lukuteksti ja vuoropuhelu toimivat my\u00f6s malleina omalle kirjoittamiselle ja puhumiselle.<\/p>\n\n\n\n<p>Lukutekstin avulla opetellaan<\/p>\n\n\n\n<ul class=\"wp-block-list\">\n<li>yleist\u00e4 sanastoa <em>(live, definitely)<\/em><\/li>\n\n\n\n<li>tilanteeseen tai aihepiiriin&nbsp; liittyv\u00e4\u00e4 sanastoa <em>(playground, pond )<\/em><\/li>\n\n\n\n<li>idiomeja eli sanontoja&nbsp; <em>&nbsp;(have fun)<\/em><\/li>\n\n\n\n<li>kielioppia <em>(I haven\u2019t)<\/em><\/li>\n\n\n\n<li>rakenteita <em>(there are kids playing)<\/em><\/li>\n\n\n\n<li>tekstin p\u00e4\u00e4asioiden ymm\u00e4rt\u00e4mist\u00e4 niin, ett\u00e4 joka sanan merkityst\u00e4 ei tarvitse tiet\u00e4\u00e4.<\/li>\n<\/ul>\n\n\n\n<p>Lukuteksteihin liittyy<strong> harjoituksia<\/strong>. Harjoitukset koskevat opittavia sanoja, rakenteita ja kielioppia. Kirjoitusteht\u00e4viss\u00e4 ja puhumisteht\u00e4viss\u00e4 mallina voi aina k\u00e4ytt\u00e4\u00e4 kirjan tekstej\u00e4. Kielt\u00e4 (sanastoa ja rakenteita sek\u00e4 kielioppia) opitaan parhaiten toistamalla, kertaamalla ja k\u00e4ytt\u00e4m\u00e4ll\u00e4 uusissa yhteyksiss\u00e4 mahdollisimman paljon sek\u00e4 kirjoittaen ett\u00e4 puhuen.<\/p>\n\n\n\n<p><\/p>\n\n\n\n<div class=\"wp-block-buttons is-layout-flex wp-block-buttons-is-layout-flex\">\n<div class=\"wp-block-button\"><a class=\"wp-block-button__link wp-element-button\" href=\"https:\/\/kielinivel.tnk.fi\/?page_id=191\"><strong>\u276e\u276e&nbsp;TAKAISIN TEKSTIIN<\/strong><\/a><\/div>\n<\/div>\n\n\n\n<p><\/p>\n","protected":false},"excerpt":{"rendered":"<p>Kaikkien kielten oppikirjojen tekstej\u00e4 voidaan lukea samoilla keinoilla. Kielten oppikirjat laaditaan niin, ett\u00e4 my\u00f6hemmin tulevissa oppikirjan luvuissa hy\u00f6dynnet\u00e4\u00e4n&nbsp; edellisten lukujen sanastoa ja kielioppia. Siksi kielen opiskelussa on t\u00e4rke\u00e4\u00e4, ett\u00e4 opiskellaan oppikirjan luvut j\u00e4rjestyksess\u00e4. Jos oppilas on ollut poissa, h\u00e4nen pit\u00e4\u00e4 opiskella itsen\u00e4isesti ne asiat, jotka on opiskeltu poissaolon aikana. Opettajalta voi pyyt\u00e4\u00e4 apua. Lukuteksti on [&hellip;]<\/p>\n","protected":false},"author":2,"featured_media":0,"parent":191,"menu_order":0,"comment_status":"closed","ping_status":"closed","template":"","meta":{"footnotes":""},"class_list":["post-832","page","type-page","status-publish","hentry"],"_links":{"self":[{"href":"https:\/\/kielinivel.tnk.fi\/index.php?rest_route=\/wp\/v2\/pages\/832","targetHints":{"allow":["GET"]}}],"collection":[{"href":"https:\/\/kielinivel.tnk.fi\/index.php?rest_route=\/wp\/v2\/pages"}],"about":[{"href":"https:\/\/kielinivel.tnk.fi\/index.php?rest_route=\/wp\/v2\/types\/page"}],"author":[{"embeddable":true,"href":"https:\/\/kielinivel.tnk.fi\/index.php?rest_route=\/wp\/v2\/users\/2"}],"replies":[{"embeddable":true,"href":"https:\/\/kielinivel.tnk.fi\/index.php?rest_route=%2Fwp%2Fv2%2Fcomments&post=832"}],"version-history":[{"count":3,"href":"https:\/\/kielinivel.tnk.fi\/index.php?rest_route=\/wp\/v2\/pages\/832\/revisions"}],"predecessor-version":[{"id":3442,"href":"https:\/\/kielinivel.tnk.fi\/index.php?rest_route=\/wp\/v2\/pages\/832\/revisions\/3442"}],"up":[{"embeddable":true,"href":"https:\/\/kielinivel.tnk.fi\/index.php?rest_route=\/wp\/v2\/pages\/191"}],"wp:attachment":[{"href":"https:\/\/kielinivel.tnk.fi\/index.php?rest_route=%2Fwp%2Fv2%2Fmedia&parent=832"}],"curies":[{"name":"wp","href":"https:\/\/api.w.org\/{rel}","templated":true}]}}