{"id":836,"date":"2024-12-05T14:23:21","date_gmt":"2024-12-05T12:23:21","guid":{"rendered":"https:\/\/kielinivel.tnk.fi\/?page_id=836"},"modified":"2025-01-13T20:15:17","modified_gmt":"2025-01-13T18:15:17","slug":"miten-kielenopiskelun-kirjojen-teksteja-luetaan-2","status":"publish","type":"page","link":"https:\/\/kielinivel.tnk.fi\/?page_id=836","title":{"rendered":"Miten kielenopiskelun kirjojen tekstej\u00e4 luetaan? &#8211; 2"},"content":{"rendered":"\n<figure class=\"wp-block-audio\"><audio controls src=\"https:\/\/kielinivel.tnk.fi\/wp-content\/uploads\/2025\/01\/Suomi_kielenopiskelu_2-2025-01-12-10_28_03.mp3\"><\/audio><\/figure>\n\n\n\n<p>Vuoropuhelun avulla opetellaan my\u00f6s n\u00e4it\u00e4:<\/p>\n\n\n\n<ul class=\"wp-block-list\">\n<li>kokonaisia lauseita, jotka sopivat malliksi omaan tuottamiseen <em>(It was amazing!)<\/em><\/li>\n\n\n\n<li>tapoja, joilla voi vastata kysymykseen tai kysy\u00e4 itse <em>(Have you ever seen The Crown Jewels? \u2013 No, I haven\u2019t.)<\/em><\/li>\n\n\n\n<li>kulttuuriin liittyvi\u00e4 tapoja, esim. kohteliasta vuorovaikutusta <em>(Hey, Sarah; Really?)<\/em><\/li>\n\n\n\n<li>\u00e4\u00e4neen lukeminen auttaa harjoittamaan omaa \u00e4\u00e4nt\u00e4mist\u00e4<\/li>\n<\/ul>\n\n\n\n<p><\/p>\n\n\n\n<div class=\"wp-block-buttons is-layout-flex wp-block-buttons-is-layout-flex\">\n<div class=\"wp-block-button\"><a class=\"wp-block-button__link wp-element-button\" href=\"https:\/\/kielinivel.tnk.fi\/?page_id=191\"><strong>\u276e\u276e&nbsp;TAKAISIN TEKSTIIN<\/strong><\/a><\/div>\n<\/div>\n\n\n\n<p><\/p>\n","protected":false},"excerpt":{"rendered":"<p>Vuoropuhelun avulla opetellaan my\u00f6s n\u00e4it\u00e4:<\/p>\n","protected":false},"author":2,"featured_media":0,"parent":191,"menu_order":0,"comment_status":"closed","ping_status":"closed","template":"","meta":{"footnotes":""},"class_list":["post-836","page","type-page","status-publish","hentry"],"_links":{"self":[{"href":"https:\/\/kielinivel.tnk.fi\/index.php?rest_route=\/wp\/v2\/pages\/836","targetHints":{"allow":["GET"]}}],"collection":[{"href":"https:\/\/kielinivel.tnk.fi\/index.php?rest_route=\/wp\/v2\/pages"}],"about":[{"href":"https:\/\/kielinivel.tnk.fi\/index.php?rest_route=\/wp\/v2\/types\/page"}],"author":[{"embeddable":true,"href":"https:\/\/kielinivel.tnk.fi\/index.php?rest_route=\/wp\/v2\/users\/2"}],"replies":[{"embeddable":true,"href":"https:\/\/kielinivel.tnk.fi\/index.php?rest_route=%2Fwp%2Fv2%2Fcomments&post=836"}],"version-history":[{"count":3,"href":"https:\/\/kielinivel.tnk.fi\/index.php?rest_route=\/wp\/v2\/pages\/836\/revisions"}],"predecessor-version":[{"id":3440,"href":"https:\/\/kielinivel.tnk.fi\/index.php?rest_route=\/wp\/v2\/pages\/836\/revisions\/3440"}],"up":[{"embeddable":true,"href":"https:\/\/kielinivel.tnk.fi\/index.php?rest_route=\/wp\/v2\/pages\/191"}],"wp:attachment":[{"href":"https:\/\/kielinivel.tnk.fi\/index.php?rest_route=%2Fwp%2Fv2%2Fmedia&parent=836"}],"curies":[{"name":"wp","href":"https:\/\/api.w.org\/{rel}","templated":true}]}}