{"id":838,"date":"2024-12-05T14:24:41","date_gmt":"2024-12-05T12:24:41","guid":{"rendered":"https:\/\/kielinivel.tnk.fi\/?page_id=838"},"modified":"2025-01-13T20:16:35","modified_gmt":"2025-01-13T18:16:35","slug":"miten-kielenopiskelun-kirjojen-teksteja-luetaan-3","status":"publish","type":"page","link":"https:\/\/kielinivel.tnk.fi\/?page_id=838","title":{"rendered":"Miten kielenopiskelun kirjojen tekstej\u00e4 luetaan? &#8211; 3"},"content":{"rendered":"\n<figure class=\"wp-block-audio\"><audio controls src=\"https:\/\/kielinivel.tnk.fi\/wp-content\/uploads\/2025\/01\/Suomi_kielenopiskelu_3-2025-01-12-10_30_41.mp3\"><\/audio><\/figure>\n\n\n\n<p><strong>Sanasto<\/strong> liittyy lukuteksteihin. Sanasto on tarkoitus kerrata kotona niin, ett\u00e4 osaat sanoa vieraskielisen sanan suomeksi ja suomenkielisen sanan opittavalla vieraalla kielell\u00e4. Usein t\u00e4rkeimm\u00e4t sanat on lihavoitu.Sanojen eri taivutusmuodot on my\u00f6s tarkoitus muistaa <em>(hang, hung, hung).<\/em> Usein niit\u00e4 on vain opeteltava ulkoa ja&nbsp; \u201dtankattava\u201d eli sanottava \u00e4\u00e4neen monta kertaa! Joskus sanastossa on my\u00f6s <strong>\u00e4\u00e4nt\u00e4misohjeet<\/strong> hakasulkeissa. \u00c4\u00e4nt\u00e4mismerkit oppii nopeasti, vaikka ne alussa ihmetytt\u00e4isiv\u00e4t. <em>Really?<\/em> [\u02c8r\u026a\u0259li] Joissakin kieliss\u00e4 on t\u00e4rke\u00e4\u00e4 opetella sanojen <strong>artikkel<\/strong>i, esimerkiksi ruotsissa, ranskassa, saksassa ja espanjassa. Artikkeli vaikuttaa taivuttamiseen. Muistatko artikkelit paremmin, jos ryhmittelet sanoja artikkelin mukaan?<\/p>\n\n\n\n<div class=\"wp-block-buttons is-layout-flex wp-block-buttons-is-layout-flex\">\n<div class=\"wp-block-button\"><a class=\"wp-block-button__link wp-element-button\" href=\"https:\/\/kielinivel.tnk.fi\/?page_id=191\"><strong>\u276e\u276e&nbsp;TAKAISIN TEKSTIIN<\/strong><\/a><\/div>\n<\/div>\n\n\n\n<p><\/p>\n","protected":false},"excerpt":{"rendered":"<p>Sanasto liittyy lukuteksteihin. Sanasto on tarkoitus kerrata kotona niin, ett\u00e4 osaat sanoa vieraskielisen sanan suomeksi ja suomenkielisen sanan opittavalla vieraalla kielell\u00e4. Usein t\u00e4rkeimm\u00e4t sanat on lihavoitu.Sanojen eri taivutusmuodot on my\u00f6s tarkoitus muistaa (hang, hung, hung). Usein niit\u00e4 on vain opeteltava ulkoa ja&nbsp; \u201dtankattava\u201d eli sanottava \u00e4\u00e4neen monta kertaa! Joskus sanastossa on my\u00f6s \u00e4\u00e4nt\u00e4misohjeet hakasulkeissa. \u00c4\u00e4nt\u00e4mismerkit [&hellip;]<\/p>\n","protected":false},"author":2,"featured_media":0,"parent":191,"menu_order":0,"comment_status":"closed","ping_status":"closed","template":"","meta":{"footnotes":""},"class_list":["post-838","page","type-page","status-publish","hentry"],"_links":{"self":[{"href":"https:\/\/kielinivel.tnk.fi\/index.php?rest_route=\/wp\/v2\/pages\/838","targetHints":{"allow":["GET"]}}],"collection":[{"href":"https:\/\/kielinivel.tnk.fi\/index.php?rest_route=\/wp\/v2\/pages"}],"about":[{"href":"https:\/\/kielinivel.tnk.fi\/index.php?rest_route=\/wp\/v2\/types\/page"}],"author":[{"embeddable":true,"href":"https:\/\/kielinivel.tnk.fi\/index.php?rest_route=\/wp\/v2\/users\/2"}],"replies":[{"embeddable":true,"href":"https:\/\/kielinivel.tnk.fi\/index.php?rest_route=%2Fwp%2Fv2%2Fcomments&post=838"}],"version-history":[{"count":2,"href":"https:\/\/kielinivel.tnk.fi\/index.php?rest_route=\/wp\/v2\/pages\/838\/revisions"}],"predecessor-version":[{"id":3444,"href":"https:\/\/kielinivel.tnk.fi\/index.php?rest_route=\/wp\/v2\/pages\/838\/revisions\/3444"}],"up":[{"embeddable":true,"href":"https:\/\/kielinivel.tnk.fi\/index.php?rest_route=\/wp\/v2\/pages\/191"}],"wp:attachment":[{"href":"https:\/\/kielinivel.tnk.fi\/index.php?rest_route=%2Fwp%2Fv2%2Fmedia&parent=838"}],"curies":[{"name":"wp","href":"https:\/\/api.w.org\/{rel}","templated":true}]}}