{"id":840,"date":"2024-12-05T14:25:41","date_gmt":"2024-12-05T12:25:41","guid":{"rendered":"https:\/\/kielinivel.tnk.fi\/?page_id=840"},"modified":"2025-01-13T20:17:10","modified_gmt":"2025-01-13T18:17:10","slug":"miten-kielenopiskelun-kirjojen-teksteja-luetaan-4","status":"publish","type":"page","link":"https:\/\/kielinivel.tnk.fi\/?page_id=840","title":{"rendered":"Miten kielenopiskelun kirjojen tekstej\u00e4 luetaan? &#8211; 4"},"content":{"rendered":"\n<figure class=\"wp-block-audio\"><audio controls src=\"https:\/\/kielinivel.tnk.fi\/wp-content\/uploads\/2025\/01\/Suomi_kielenopiskelu_4-2025-01-12-10_32_03.mp3\"><\/audio><\/figure>\n\n\n\n<p><strong>Kielioppi<\/strong> esitell\u00e4\u00e4n havainnollisesti v\u00e4rien ja esimerkkien avulla. S\u00e4\u00e4nt\u00f6j\u00e4 t\u00e4ytyy opetella my\u00f6s&nbsp; ulkoa.<\/p>\n\n\n\n<p><\/p>\n\n\n\n<div class=\"wp-block-buttons is-layout-flex wp-block-buttons-is-layout-flex\">\n<div class=\"wp-block-button\"><a class=\"wp-block-button__link wp-element-button\" href=\"https:\/\/kielinivel.tnk.fi\/?page_id=191\"><strong>\u276e\u276e&nbsp;TAKAISIN TEKSTIIN<\/strong><\/a><\/div>\n<\/div>\n\n\n\n<p><\/p>\n","protected":false},"excerpt":{"rendered":"<p>Kielioppi esitell\u00e4\u00e4n havainnollisesti v\u00e4rien ja esimerkkien avulla. S\u00e4\u00e4nt\u00f6j\u00e4 t\u00e4ytyy opetella my\u00f6s&nbsp; ulkoa.<\/p>\n","protected":false},"author":2,"featured_media":0,"parent":191,"menu_order":0,"comment_status":"closed","ping_status":"closed","template":"","meta":{"footnotes":""},"class_list":["post-840","page","type-page","status-publish","hentry"],"_links":{"self":[{"href":"https:\/\/kielinivel.tnk.fi\/index.php?rest_route=\/wp\/v2\/pages\/840","targetHints":{"allow":["GET"]}}],"collection":[{"href":"https:\/\/kielinivel.tnk.fi\/index.php?rest_route=\/wp\/v2\/pages"}],"about":[{"href":"https:\/\/kielinivel.tnk.fi\/index.php?rest_route=\/wp\/v2\/types\/page"}],"author":[{"embeddable":true,"href":"https:\/\/kielinivel.tnk.fi\/index.php?rest_route=\/wp\/v2\/users\/2"}],"replies":[{"embeddable":true,"href":"https:\/\/kielinivel.tnk.fi\/index.php?rest_route=%2Fwp%2Fv2%2Fcomments&post=840"}],"version-history":[{"count":3,"href":"https:\/\/kielinivel.tnk.fi\/index.php?rest_route=\/wp\/v2\/pages\/840\/revisions"}],"predecessor-version":[{"id":3446,"href":"https:\/\/kielinivel.tnk.fi\/index.php?rest_route=\/wp\/v2\/pages\/840\/revisions\/3446"}],"up":[{"embeddable":true,"href":"https:\/\/kielinivel.tnk.fi\/index.php?rest_route=\/wp\/v2\/pages\/191"}],"wp:attachment":[{"href":"https:\/\/kielinivel.tnk.fi\/index.php?rest_route=%2Fwp%2Fv2%2Fmedia&parent=840"}],"curies":[{"name":"wp","href":"https:\/\/api.w.org\/{rel}","templated":true}]}}