{"id":847,"date":"2024-12-05T14:28:12","date_gmt":"2024-12-05T12:28:12","guid":{"rendered":"https:\/\/kielinivel.tnk.fi\/?page_id=847"},"modified":"2025-01-13T20:18:23","modified_gmt":"2025-01-13T18:18:23","slug":"miten-kielia-opiskellaan-kotona","status":"publish","type":"page","link":"https:\/\/kielinivel.tnk.fi\/?page_id=847","title":{"rendered":"Miten kieli\u00e4 opiskellaan kotona?"},"content":{"rendered":"\n<figure class=\"wp-block-audio\"><audio controls src=\"https:\/\/kielinivel.tnk.fi\/wp-content\/uploads\/2025\/01\/Suomi_kielenopiskelu_kotona-2025-01-12-10_35_48.mp3\"><\/audio><\/figure>\n\n\n\n<ol class=\"wp-block-list\">\n<li>Lue lukutekstit \u00e4\u00e4neen ja tarkista sanastosta ne kohdat, joita et ymm\u00e4rr\u00e4.<br>&nbsp;<\/li>\n\n\n\n<li>Lue&nbsp; vuoropuhelu viel\u00e4 \u00e4\u00e4neen l\u00e4pi niin, ett\u00e4 olet itse joku henkil\u00f6ist\u00e4. Koeta vastata vuorosanoihin j\u00e4rkev\u00e4sti. Katso vasta sitten malli.<br>&nbsp;<\/li>\n\n\n\n<li>Kertaa sanaston sanat \u00e4\u00e4neen: Peit\u00e4 k\u00e4dell\u00e4 ensin suomenkielinen puoli ja muistele vieraskielisen sanan merkitys suomeksi. Peit\u00e4 sitten sanaston&nbsp; vieraskielinen puoli ja muistele suomenkielisen sanan merkitys vieraalla kielell\u00e4. Muista kerrata artikkelit ja taivutusmuodot! Sanoja kannattaa my\u00f6s kirjoittaa, jotta kirjoitusasu j\u00e4\u00e4 mieleen.<br>&nbsp;<\/li>\n\n\n\n<li>Tee vasta lopuksi kotiteht\u00e4v\u00e4t. Kielioppiteht\u00e4vi\u00e4 tehdess\u00e4si pid\u00e4 auki kirjan kielioppiohjeet. Jos tarvitset sanaa, tarkista se sanastosta, silloin sanasta j\u00e4\u00e4 visuaalinen muistij\u00e4lki. \u00c4l\u00e4 googlaa.<\/li>\n<\/ol>\n\n\n\n<p><\/p>\n\n\n\n<div class=\"wp-block-buttons is-layout-flex wp-block-buttons-is-layout-flex\">\n<div class=\"wp-block-button\"><a class=\"wp-block-button__link wp-element-button\" href=\"https:\/\/kielinivel.tnk.fi\/?page_id=191\"><strong>\u276e\u276e&nbsp;TAKAISIN TEKSTIIN<\/strong><\/a><\/div>\n<\/div>\n\n\n\n<p><\/p>\n","protected":false},"excerpt":{"rendered":"","protected":false},"author":2,"featured_media":0,"parent":191,"menu_order":12,"comment_status":"closed","ping_status":"closed","template":"","meta":{"footnotes":""},"class_list":["post-847","page","type-page","status-publish","hentry"],"_links":{"self":[{"href":"https:\/\/kielinivel.tnk.fi\/index.php?rest_route=\/wp\/v2\/pages\/847","targetHints":{"allow":["GET"]}}],"collection":[{"href":"https:\/\/kielinivel.tnk.fi\/index.php?rest_route=\/wp\/v2\/pages"}],"about":[{"href":"https:\/\/kielinivel.tnk.fi\/index.php?rest_route=\/wp\/v2\/types\/page"}],"author":[{"embeddable":true,"href":"https:\/\/kielinivel.tnk.fi\/index.php?rest_route=\/wp\/v2\/users\/2"}],"replies":[{"embeddable":true,"href":"https:\/\/kielinivel.tnk.fi\/index.php?rest_route=%2Fwp%2Fv2%2Fcomments&post=847"}],"version-history":[{"count":3,"href":"https:\/\/kielinivel.tnk.fi\/index.php?rest_route=\/wp\/v2\/pages\/847\/revisions"}],"predecessor-version":[{"id":3450,"href":"https:\/\/kielinivel.tnk.fi\/index.php?rest_route=\/wp\/v2\/pages\/847\/revisions\/3450"}],"up":[{"embeddable":true,"href":"https:\/\/kielinivel.tnk.fi\/index.php?rest_route=\/wp\/v2\/pages\/191"}],"wp:attachment":[{"href":"https:\/\/kielinivel.tnk.fi\/index.php?rest_route=%2Fwp%2Fv2%2Fmedia&parent=847"}],"curies":[{"name":"wp","href":"https:\/\/api.w.org\/{rel}","templated":true}]}}