{"id":849,"date":"2024-12-05T14:29:14","date_gmt":"2024-12-05T12:29:14","guid":{"rendered":"https:\/\/kielinivel.tnk.fi\/?page_id=849"},"modified":"2025-01-13T20:20:08","modified_gmt":"2025-01-13T18:20:08","slug":"miten-kielten-kokeisiin-kerrataan","status":"publish","type":"page","link":"https:\/\/kielinivel.tnk.fi\/?page_id=849","title":{"rendered":"Miten kielten kokeisiin kerrataan?"},"content":{"rendered":"\n<figure class=\"wp-block-audio\"><audio controls src=\"https:\/\/kielinivel.tnk.fi\/wp-content\/uploads\/2025\/01\/Suomi_kielenopiskelu_kokeisiin-2025-01-12-10_37_30.mp3\"><\/audio><\/figure>\n\n\n\n<ol class=\"wp-block-list\">\n<li>Kertaa kappaleiden lukutekstit lukemalla ne \u00e4\u00e4neen. Kun luet \u00e4\u00e4neen, sanojen k\u00e4ytt\u00f6yhteys painuu paremmin mieleen. Voitko \u00e4\u00e4nitt\u00e4\u00e4 lukemisen ja kuunnella \u00e4\u00e4nitteit\u00e4 koulumatkoilla?<\/li>\n\n\n\n<li>Kertaa sanastot. J\u00e4rjest\u00e4 sanoja havainnollisiksi&nbsp; ryhmiksi, esimerkiksi piirroksiin. Voitko kerrata sanoja kaverin tai perheen kanssa? Kirjoita sanoja.<\/li>\n\n\n\n<li>Kertaa kielioppi. Etsi ne kohdat lukutekstist\u00e4, joissa kielioppiasia esiintyy ja lue ne \u00e4\u00e4neen.<\/li>\n\n\n\n<li>Tee puuttuvat kotiteht\u00e4v\u00e4t.<\/li>\n<\/ol>\n\n\n\n<p><\/p>\n\n\n\n<div class=\"wp-block-buttons is-layout-flex wp-block-buttons-is-layout-flex\">\n<div class=\"wp-block-button\"><a class=\"wp-block-button__link wp-element-button\" href=\"https:\/\/kielinivel.tnk.fi\/?page_id=191\"><strong>\u276e\u276e&nbsp;TAKAISIN TEKSTIIN<\/strong><\/a><\/div>\n<\/div>\n\n\n\n<p><\/p>\n","protected":false},"excerpt":{"rendered":"","protected":false},"author":2,"featured_media":0,"parent":191,"menu_order":13,"comment_status":"closed","ping_status":"closed","template":"","meta":{"footnotes":""},"class_list":["post-849","page","type-page","status-publish","hentry"],"_links":{"self":[{"href":"https:\/\/kielinivel.tnk.fi\/index.php?rest_route=\/wp\/v2\/pages\/849","targetHints":{"allow":["GET"]}}],"collection":[{"href":"https:\/\/kielinivel.tnk.fi\/index.php?rest_route=\/wp\/v2\/pages"}],"about":[{"href":"https:\/\/kielinivel.tnk.fi\/index.php?rest_route=\/wp\/v2\/types\/page"}],"author":[{"embeddable":true,"href":"https:\/\/kielinivel.tnk.fi\/index.php?rest_route=\/wp\/v2\/users\/2"}],"replies":[{"embeddable":true,"href":"https:\/\/kielinivel.tnk.fi\/index.php?rest_route=%2Fwp%2Fv2%2Fcomments&post=849"}],"version-history":[{"count":2,"href":"https:\/\/kielinivel.tnk.fi\/index.php?rest_route=\/wp\/v2\/pages\/849\/revisions"}],"predecessor-version":[{"id":3452,"href":"https:\/\/kielinivel.tnk.fi\/index.php?rest_route=\/wp\/v2\/pages\/849\/revisions\/3452"}],"up":[{"embeddable":true,"href":"https:\/\/kielinivel.tnk.fi\/index.php?rest_route=\/wp\/v2\/pages\/191"}],"wp:attachment":[{"href":"https:\/\/kielinivel.tnk.fi\/index.php?rest_route=%2Fwp%2Fv2%2Fmedia&parent=849"}],"curies":[{"name":"wp","href":"https:\/\/api.w.org\/{rel}","templated":true}]}}