{"id":855,"date":"2024-12-05T14:55:42","date_gmt":"2024-12-05T12:55:42","guid":{"rendered":"https:\/\/kielinivel.tnk.fi\/?page_id=855"},"modified":"2025-01-13T20:21:25","modified_gmt":"2025-01-13T18:21:25","slug":"miten-kotitalouden-teksteja-luetaan-1","status":"publish","type":"page","link":"https:\/\/kielinivel.tnk.fi\/?page_id=855","title":{"rendered":"Miten kotitalouden tekstej\u00e4 luetaan? &#8211; 1"},"content":{"rendered":"\n<figure class=\"wp-block-audio\"><audio controls src=\"https:\/\/kielinivel.tnk.fi\/wp-content\/uploads\/2025\/01\/Suomi_kotitalous_1-2025-01-12-14_34_37.mp3\"><\/audio><\/figure>\n\n\n\n<p>Kotitalouden oppitunneilla k\u00e4sitell\u00e4\u00e4n esimerkiksi siivousta, pyykinpesua&nbsp; ja ruoanlaittoa. Oppitunneilla opitaan selviytym\u00e4\u00e4n arkip\u00e4iv\u00e4n kotit\u00f6ist\u00e4, ja siksi kotitalouden tekstit ovat useimmiten <strong>ohjeita<\/strong>. &nbsp;Tietoja annetaan my\u00f6s terveellisest\u00e4 ravinnosta ja turvallisista toimintatavoista etenkin keitti\u00f6ss\u00e4. Ruokaohjeissa annetaan ensin <strong>luettelo valmistusaineista ja niiden m\u00e4\u00e4rist\u00e4<\/strong>. M\u00e4\u00e4r\u00e4t ilmoitetaan kappaleina tai lyhentein\u00e4, joten luettelo pit\u00e4\u00e4 lukea tarkasti, muuten ruoka voi menn\u00e4 pilalle.&nbsp; Valmistusaineet ker\u00e4t\u00e4\u00e4n p\u00f6yd\u00e4lle ja mitataan valmiiksi.<\/p>\n\n\n\n<p><\/p>\n\n\n\n<p><\/p>\n\n\n\n<div class=\"wp-block-buttons is-layout-flex wp-block-buttons-is-layout-flex\">\n<div class=\"wp-block-button\"><a class=\"wp-block-button__link wp-element-button\" href=\"https:\/\/kielinivel.tnk.fi\/?page_id=210\"><strong>\u276e\u276e&nbsp;TAKAISIN TEKSTIIN<\/strong><\/a><\/div>\n<\/div>\n\n\n\n<p><\/p>\n","protected":false},"excerpt":{"rendered":"<p>Kotitalouden oppitunneilla k\u00e4sitell\u00e4\u00e4n esimerkiksi siivousta, pyykinpesua&nbsp; ja ruoanlaittoa. Oppitunneilla opitaan selviytym\u00e4\u00e4n arkip\u00e4iv\u00e4n kotit\u00f6ist\u00e4, ja siksi kotitalouden tekstit ovat useimmiten ohjeita. &nbsp;Tietoja annetaan my\u00f6s terveellisest\u00e4 ravinnosta ja turvallisista toimintatavoista etenkin keitti\u00f6ss\u00e4. Ruokaohjeissa annetaan ensin luettelo valmistusaineista ja niiden m\u00e4\u00e4rist\u00e4. M\u00e4\u00e4r\u00e4t ilmoitetaan kappaleina tai lyhentein\u00e4, joten luettelo pit\u00e4\u00e4 lukea tarkasti, muuten ruoka voi menn\u00e4 pilalle.&nbsp; Valmistusaineet ker\u00e4t\u00e4\u00e4n [&hellip;]<\/p>\n","protected":false},"author":2,"featured_media":0,"parent":210,"menu_order":0,"comment_status":"closed","ping_status":"closed","template":"","meta":{"footnotes":""},"class_list":["post-855","page","type-page","status-publish","hentry"],"_links":{"self":[{"href":"https:\/\/kielinivel.tnk.fi\/index.php?rest_route=\/wp\/v2\/pages\/855","targetHints":{"allow":["GET"]}}],"collection":[{"href":"https:\/\/kielinivel.tnk.fi\/index.php?rest_route=\/wp\/v2\/pages"}],"about":[{"href":"https:\/\/kielinivel.tnk.fi\/index.php?rest_route=\/wp\/v2\/types\/page"}],"author":[{"embeddable":true,"href":"https:\/\/kielinivel.tnk.fi\/index.php?rest_route=\/wp\/v2\/users\/2"}],"replies":[{"embeddable":true,"href":"https:\/\/kielinivel.tnk.fi\/index.php?rest_route=%2Fwp%2Fv2%2Fcomments&post=855"}],"version-history":[{"count":2,"href":"https:\/\/kielinivel.tnk.fi\/index.php?rest_route=\/wp\/v2\/pages\/855\/revisions"}],"predecessor-version":[{"id":3454,"href":"https:\/\/kielinivel.tnk.fi\/index.php?rest_route=\/wp\/v2\/pages\/855\/revisions\/3454"}],"up":[{"embeddable":true,"href":"https:\/\/kielinivel.tnk.fi\/index.php?rest_route=\/wp\/v2\/pages\/210"}],"wp:attachment":[{"href":"https:\/\/kielinivel.tnk.fi\/index.php?rest_route=%2Fwp%2Fv2%2Fmedia&parent=855"}],"curies":[{"name":"wp","href":"https:\/\/api.w.org\/{rel}","templated":true}]}}