{"id":869,"date":"2024-12-05T15:05:12","date_gmt":"2024-12-05T13:05:12","guid":{"rendered":"https:\/\/kielinivel.tnk.fi\/?page_id=869"},"modified":"2025-01-13T20:24:37","modified_gmt":"2025-01-13T18:24:37","slug":"miten-kotitaloutta-opiskellaan-kotona-kun-koe-on-tulossa","status":"publish","type":"page","link":"https:\/\/kielinivel.tnk.fi\/?page_id=869","title":{"rendered":"Miten kotitaloutta opiskellaan kotona, kun koe on tulossa?"},"content":{"rendered":"\n<figure class=\"wp-block-audio\"><audio controls src=\"https:\/\/kielinivel.tnk.fi\/wp-content\/uploads\/2025\/01\/Suomi_kotitalous_kotonajakokeisiin-2025-01-12-14_44_48.mp3\"><\/audio><\/figure>\n\n\n\n<ol class=\"wp-block-list\">\n<li>Aloita kokeeseen kertaaminen ajoissa, jo muutamaa p\u00e4iv\u00e4\u00e4 ennen koetta.<\/li>\n\n\n\n<li>Varmista, ett\u00e4 osaat selitt\u00e4\u00e4 omin sanoin keskeiset uudet k\u00e4sitteet.<\/li>\n\n\n\n<li>Pohdi, miten opiskeltava asia liittyy omaan el\u00e4m\u00e4\u00e4si. Mit\u00e4 kokemuksia sinulla asiasta on?<\/li>\n\n\n\n<li>Varmista, ett\u00e4 osaat selitt\u00e4\u00e4, miten erilaisia kotit\u00f6it\u00e4 tehd\u00e4\u00e4n. Jos voit, harjoittele kotona. Palauta mieleen, mit\u00e4 ja miten tunnilla tehtiin.<\/li>\n\n\n\n<li>Harjoittele lukemaan ruokaohjeita.&nbsp; Jos voit, harjoittele kotona. Palauta mieleen, miten ruokaa laitettiin tunnilla.<\/li>\n\n\n\n<li>Sanojen merkitys palautuu mieleen, kun muistelet, mit\u00e4 tunnilla tehtiin.&nbsp; Mit\u00e4 teit, kun <em>py\u00f6rittelit<\/em>? Mit\u00e4 teit, kun <em>kokeilit kypsyytt\u00e4<\/em>?&nbsp; Mist\u00e4 l\u00f6ysit <em>hoito-ohjemerkin<\/em>?<\/li>\n\n\n\n<li>Mitk\u00e4 asiat ja sanat pit\u00e4\u00e4 viel\u00e4 selvitt\u00e4\u00e4?<\/li>\n<\/ol>\n\n\n\n<p><\/p>\n\n\n\n<div class=\"wp-block-buttons is-layout-flex wp-block-buttons-is-layout-flex\">\n<div class=\"wp-block-button\"><a class=\"wp-block-button__link wp-element-button\" href=\"https:\/\/kielinivel.tnk.fi\/?page_id=210\"><strong>\u276e\u276e&nbsp;TAKAISIN TEKSTIIN<\/strong><\/a><\/div>\n<\/div>\n\n\n\n<p><\/p>\n","protected":false},"excerpt":{"rendered":"","protected":false},"author":2,"featured_media":0,"parent":210,"menu_order":12,"comment_status":"closed","ping_status":"closed","template":"","meta":{"footnotes":""},"class_list":["post-869","page","type-page","status-publish","hentry"],"_links":{"self":[{"href":"https:\/\/kielinivel.tnk.fi\/index.php?rest_route=\/wp\/v2\/pages\/869","targetHints":{"allow":["GET"]}}],"collection":[{"href":"https:\/\/kielinivel.tnk.fi\/index.php?rest_route=\/wp\/v2\/pages"}],"about":[{"href":"https:\/\/kielinivel.tnk.fi\/index.php?rest_route=\/wp\/v2\/types\/page"}],"author":[{"embeddable":true,"href":"https:\/\/kielinivel.tnk.fi\/index.php?rest_route=\/wp\/v2\/users\/2"}],"replies":[{"embeddable":true,"href":"https:\/\/kielinivel.tnk.fi\/index.php?rest_route=%2Fwp%2Fv2%2Fcomments&post=869"}],"version-history":[{"count":2,"href":"https:\/\/kielinivel.tnk.fi\/index.php?rest_route=\/wp\/v2\/pages\/869\/revisions"}],"predecessor-version":[{"id":3466,"href":"https:\/\/kielinivel.tnk.fi\/index.php?rest_route=\/wp\/v2\/pages\/869\/revisions\/3466"}],"up":[{"embeddable":true,"href":"https:\/\/kielinivel.tnk.fi\/index.php?rest_route=\/wp\/v2\/pages\/210"}],"wp:attachment":[{"href":"https:\/\/kielinivel.tnk.fi\/index.php?rest_route=%2Fwp%2Fv2%2Fmedia&parent=869"}],"curies":[{"name":"wp","href":"https:\/\/api.w.org\/{rel}","templated":true}]}}