{"id":884,"date":"2024-12-05T15:34:15","date_gmt":"2024-12-05T13:34:15","guid":{"rendered":"https:\/\/kielinivel.tnk.fi\/?page_id=884"},"modified":"2025-01-13T22:25:47","modified_gmt":"2025-01-13T20:25:47","slug":"miten-maantiedon-teksteja-luetaan-1","status":"publish","type":"page","link":"https:\/\/kielinivel.tnk.fi\/?page_id=884","title":{"rendered":"Miten maantiedon tekstej\u00e4 luetaan &#8211; 1"},"content":{"rendered":"\n<figure class=\"wp-block-audio\"><audio controls src=\"https:\/\/kielinivel.tnk.fi\/wp-content\/uploads\/2025\/01\/Suomi_maantieto_1-2025-01-12-10_41_15.mp3\"><\/audio><\/figure>\n\n\n\n<p>Maantiedon oppiaineen teksteiss\u00e4 esitell\u00e4\u00e4n tietoja &nbsp;maapallosta ja sen eri alueista ja niiden olosuhteista, v\u00e4est\u00f6st\u00e4 ja asutuksesta, ilmastosta, kasvillisuudesta ja aurinkokunnastamme. Tekstit kuvailevat my\u00f6s <strong>erilaisia muutoksia ja kehityst\u00e4<\/strong> &nbsp;(eli prosesseja, esimerkiksi <em>kaasuplaneettojen syntyminen<\/em>)<em>.<\/em><\/p>\n\n\n\n<p>Tyypillist\u00e4 maantiedon teksteille on, ett\u00e4 ne <strong>luokittelevat <\/strong>asioita. Niiss\u00e4 on runsaasti uusia k\u00e4sitteit\u00e4 (<em>asteroidi, kuu<\/em>), joita ryhmitell\u00e4\u00e4n <strong>yl\u00e4ryhmiksi<\/strong> (<em>aurinkokunta<\/em>) ja<strong> alaryhmiksi<\/strong> (<em>kuut, planeetat <\/em>jne.).&nbsp; K\u00e4sitteit\u00e4 selitet\u00e4\u00e4n &nbsp;<strong>m\u00e4\u00e4ritelmill\u00e4 ja esimerkeill\u00e4. &nbsp;<\/strong>Kun maantiedon tekstej\u00e4 luetaan, niist\u00e4 etsit\u00e4\u00e4n juuri yl\u00e4k\u00e4sitteet ja ryhm\u00e4t, joihin alak\u00e4sitteet kuuluvat. My\u00f6s m\u00e4\u00e4ritelm\u00e4t etsit\u00e4\u00e4n ja selitet\u00e4\u00e4n omin sanoin.<\/p>\n\n\n\n<p><\/p>\n\n\n\n<div class=\"wp-block-buttons is-layout-flex wp-block-buttons-is-layout-flex\">\n<div class=\"wp-block-button\"><a class=\"wp-block-button__link wp-element-button\" href=\"https:\/\/kielinivel.tnk.fi\/?page_id=230\"><strong>\u276e\u276e&nbsp;TAKAISIN TEKSTIIN<\/strong><\/a><\/div>\n<\/div>\n\n\n\n<p><\/p>\n","protected":false},"excerpt":{"rendered":"<p>Maantiedon oppiaineen teksteiss\u00e4 esitell\u00e4\u00e4n tietoja &nbsp;maapallosta ja sen eri alueista ja niiden olosuhteista, v\u00e4est\u00f6st\u00e4 ja asutuksesta, ilmastosta, kasvillisuudesta ja aurinkokunnastamme. Tekstit kuvailevat my\u00f6s erilaisia muutoksia ja kehityst\u00e4 &nbsp;(eli prosesseja, esimerkiksi kaasuplaneettojen syntyminen). Tyypillist\u00e4 maantiedon teksteille on, ett\u00e4 ne luokittelevat asioita. Niiss\u00e4 on runsaasti uusia k\u00e4sitteit\u00e4 (asteroidi, kuu), joita ryhmitell\u00e4\u00e4n yl\u00e4ryhmiksi (aurinkokunta) ja alaryhmiksi (kuut, planeetat [&hellip;]<\/p>\n","protected":false},"author":2,"featured_media":0,"parent":230,"menu_order":0,"comment_status":"closed","ping_status":"closed","template":"","meta":{"footnotes":""},"class_list":["post-884","page","type-page","status-publish","hentry"],"_links":{"self":[{"href":"https:\/\/kielinivel.tnk.fi\/index.php?rest_route=\/wp\/v2\/pages\/884","targetHints":{"allow":["GET"]}}],"collection":[{"href":"https:\/\/kielinivel.tnk.fi\/index.php?rest_route=\/wp\/v2\/pages"}],"about":[{"href":"https:\/\/kielinivel.tnk.fi\/index.php?rest_route=\/wp\/v2\/types\/page"}],"author":[{"embeddable":true,"href":"https:\/\/kielinivel.tnk.fi\/index.php?rest_route=\/wp\/v2\/users\/2"}],"replies":[{"embeddable":true,"href":"https:\/\/kielinivel.tnk.fi\/index.php?rest_route=%2Fwp%2Fv2%2Fcomments&post=884"}],"version-history":[{"count":3,"href":"https:\/\/kielinivel.tnk.fi\/index.php?rest_route=\/wp\/v2\/pages\/884\/revisions"}],"predecessor-version":[{"id":3469,"href":"https:\/\/kielinivel.tnk.fi\/index.php?rest_route=\/wp\/v2\/pages\/884\/revisions\/3469"}],"up":[{"embeddable":true,"href":"https:\/\/kielinivel.tnk.fi\/index.php?rest_route=\/wp\/v2\/pages\/230"}],"wp:attachment":[{"href":"https:\/\/kielinivel.tnk.fi\/index.php?rest_route=%2Fwp%2Fv2%2Fmedia&parent=884"}],"curies":[{"name":"wp","href":"https:\/\/api.w.org\/{rel}","templated":true}]}}