{"id":886,"date":"2024-12-05T15:39:19","date_gmt":"2024-12-05T13:39:19","guid":{"rendered":"https:\/\/kielinivel.tnk.fi\/?page_id=886"},"modified":"2025-01-13T22:28:11","modified_gmt":"2025-01-13T20:28:11","slug":"miten-maantiedon-teksteja-luetaan-2","status":"publish","type":"page","link":"https:\/\/kielinivel.tnk.fi\/?page_id=886","title":{"rendered":"Miten maantiedon tekstej\u00e4 luetaan &#8211; 2"},"content":{"rendered":"\n<figure class=\"wp-block-audio\"><audio controls src=\"https:\/\/kielinivel.tnk.fi\/wp-content\/uploads\/2025\/01\/Suomi_maantieto_2-2025-01-12-10_42_46.mp3\"><\/audio><\/figure>\n\n\n\n<p>Maantiedon teksteiss\u00e4 kerrotaan my\u00f6s <strong>syist\u00e4 ja seurauksista tai vaikutuksesta<\/strong>. Kun teksti\u00e4 luetaan, syyn ja seurauksen tai vaikutuksen <strong>suunta<\/strong> kannattaa selvitt\u00e4\u00e4 hyvin ja selvent\u00e4\u00e4 itselleen vaikkapa nuolella. Syit\u00e4 ja seurauksia voi<strong> etsi\u00e4 tekstin sanaston avulla<\/strong>: teksteiss\u00e4 puhutaan <em>syyst\u00e4, vaikutuksesta<\/em> ja<em> seurauksesta<\/em>. Verbein\u00e4 k\u00e4ytet\u00e4\u00e4n usein seuraavia: <em>johtua, johtaa (johonkin), vaikuttaa, aiheuttaa tai aiheutua<\/em>. My\u00f6s esimerkiksi sanat <em>(jonkin) takia <\/em>tai <em>(jonkin) vuoksi, siksi ett\u00e4<\/em> tai <em>koska<\/em> kertovat syist\u00e4 ja seurauksista.<\/p>\n\n\n\n<p><\/p>\n\n\n\n<div class=\"wp-block-buttons is-layout-flex wp-block-buttons-is-layout-flex\">\n<div class=\"wp-block-button\"><a class=\"wp-block-button__link wp-element-button\" href=\"https:\/\/kielinivel.tnk.fi\/?page_id=230\"><strong>\u276e\u276e&nbsp;TAKAISIN TEKSTIIN<\/strong><\/a><\/div>\n<\/div>\n\n\n\n<p><\/p>\n","protected":false},"excerpt":{"rendered":"<p>Maantiedon teksteiss\u00e4 kerrotaan my\u00f6s syist\u00e4 ja seurauksista tai vaikutuksesta. Kun teksti\u00e4 luetaan, syyn ja seurauksen tai vaikutuksen suunta kannattaa selvitt\u00e4\u00e4 hyvin ja selvent\u00e4\u00e4 itselleen vaikkapa nuolella. Syit\u00e4 ja seurauksia voi etsi\u00e4 tekstin sanaston avulla: teksteiss\u00e4 puhutaan syyst\u00e4, vaikutuksesta ja seurauksesta. Verbein\u00e4 k\u00e4ytet\u00e4\u00e4n usein seuraavia: johtua, johtaa (johonkin), vaikuttaa, aiheuttaa tai aiheutua. My\u00f6s esimerkiksi sanat (jonkin) [&hellip;]<\/p>\n","protected":false},"author":2,"featured_media":0,"parent":230,"menu_order":0,"comment_status":"closed","ping_status":"closed","template":"","meta":{"footnotes":""},"class_list":["post-886","page","type-page","status-publish","hentry"],"_links":{"self":[{"href":"https:\/\/kielinivel.tnk.fi\/index.php?rest_route=\/wp\/v2\/pages\/886","targetHints":{"allow":["GET"]}}],"collection":[{"href":"https:\/\/kielinivel.tnk.fi\/index.php?rest_route=\/wp\/v2\/pages"}],"about":[{"href":"https:\/\/kielinivel.tnk.fi\/index.php?rest_route=\/wp\/v2\/types\/page"}],"author":[{"embeddable":true,"href":"https:\/\/kielinivel.tnk.fi\/index.php?rest_route=\/wp\/v2\/users\/2"}],"replies":[{"embeddable":true,"href":"https:\/\/kielinivel.tnk.fi\/index.php?rest_route=%2Fwp%2Fv2%2Fcomments&post=886"}],"version-history":[{"count":3,"href":"https:\/\/kielinivel.tnk.fi\/index.php?rest_route=\/wp\/v2\/pages\/886\/revisions"}],"predecessor-version":[{"id":3473,"href":"https:\/\/kielinivel.tnk.fi\/index.php?rest_route=\/wp\/v2\/pages\/886\/revisions\/3473"}],"up":[{"embeddable":true,"href":"https:\/\/kielinivel.tnk.fi\/index.php?rest_route=\/wp\/v2\/pages\/230"}],"wp:attachment":[{"href":"https:\/\/kielinivel.tnk.fi\/index.php?rest_route=%2Fwp%2Fv2%2Fmedia&parent=886"}],"curies":[{"name":"wp","href":"https:\/\/api.w.org\/{rel}","templated":true}]}}