{"id":891,"date":"2024-12-05T15:43:55","date_gmt":"2024-12-05T13:43:55","guid":{"rendered":"https:\/\/kielinivel.tnk.fi\/?page_id=891"},"modified":"2025-01-13T22:27:35","modified_gmt":"2025-01-13T20:27:35","slug":"miten-maantiedon-teksteja-luetaan-3","status":"publish","type":"page","link":"https:\/\/kielinivel.tnk.fi\/?page_id=891","title":{"rendered":"Miten maantiedon tekstej\u00e4 luetaan &#8211; 3"},"content":{"rendered":"\n<figure class=\"wp-block-audio\"><audio controls src=\"https:\/\/kielinivel.tnk.fi\/wp-content\/uploads\/2025\/01\/Suomi_maantieto_3-2025-01-12-10_43_45.mp3\"><\/audio><\/figure>\n\n\n\n<p>Pitemmiss\u00e4 teksteiss\u00e4 on aina <strong>v\u00e4liotsikot<\/strong>. V\u00e4liotsikot auttavat ennakoimaan, mist\u00e4 seuraavassa kappaleessa kerrotaan. <strong>V\u00e4liotsikoiden avulla voi kerrata<\/strong> kotona koko tekstin ydinasiat, kun palauttaa mieleen, mit\u00e4 asioita v\u00e4liotsikon alle kuuluu. <strong>Kuvateksti<\/strong> auttaa ymm\u00e4rt\u00e4m\u00e4\u00e4n, mist\u00e4 kuva kertoo.<\/p>\n\n\n\n<p><\/p>\n\n\n\n<div class=\"wp-block-buttons is-layout-flex wp-block-buttons-is-layout-flex\">\n<div class=\"wp-block-button\"><a class=\"wp-block-button__link wp-element-button\" href=\"https:\/\/kielinivel.tnk.fi\/?page_id=230\"><strong>\u276e\u276e&nbsp;TAKAISIN TEKSTIIN<\/strong><\/a><\/div>\n<\/div>\n\n\n\n<p><\/p>\n","protected":false},"excerpt":{"rendered":"<p>Pitemmiss\u00e4 teksteiss\u00e4 on aina v\u00e4liotsikot. V\u00e4liotsikot auttavat ennakoimaan, mist\u00e4 seuraavassa kappaleessa kerrotaan. V\u00e4liotsikoiden avulla voi kerrata kotona koko tekstin ydinasiat, kun palauttaa mieleen, mit\u00e4 asioita v\u00e4liotsikon alle kuuluu. Kuvateksti auttaa ymm\u00e4rt\u00e4m\u00e4\u00e4n, mist\u00e4 kuva kertoo.<\/p>\n","protected":false},"author":2,"featured_media":0,"parent":230,"menu_order":0,"comment_status":"closed","ping_status":"closed","template":"","meta":{"footnotes":""},"class_list":["post-891","page","type-page","status-publish","hentry"],"_links":{"self":[{"href":"https:\/\/kielinivel.tnk.fi\/index.php?rest_route=\/wp\/v2\/pages\/891","targetHints":{"allow":["GET"]}}],"collection":[{"href":"https:\/\/kielinivel.tnk.fi\/index.php?rest_route=\/wp\/v2\/pages"}],"about":[{"href":"https:\/\/kielinivel.tnk.fi\/index.php?rest_route=\/wp\/v2\/types\/page"}],"author":[{"embeddable":true,"href":"https:\/\/kielinivel.tnk.fi\/index.php?rest_route=\/wp\/v2\/users\/2"}],"replies":[{"embeddable":true,"href":"https:\/\/kielinivel.tnk.fi\/index.php?rest_route=%2Fwp%2Fv2%2Fcomments&post=891"}],"version-history":[{"count":3,"href":"https:\/\/kielinivel.tnk.fi\/index.php?rest_route=\/wp\/v2\/pages\/891\/revisions"}],"predecessor-version":[{"id":3471,"href":"https:\/\/kielinivel.tnk.fi\/index.php?rest_route=\/wp\/v2\/pages\/891\/revisions\/3471"}],"up":[{"embeddable":true,"href":"https:\/\/kielinivel.tnk.fi\/index.php?rest_route=\/wp\/v2\/pages\/230"}],"wp:attachment":[{"href":"https:\/\/kielinivel.tnk.fi\/index.php?rest_route=%2Fwp%2Fv2%2Fmedia&parent=891"}],"curies":[{"name":"wp","href":"https:\/\/api.w.org\/{rel}","templated":true}]}}