{"id":895,"date":"2024-12-05T15:46:39","date_gmt":"2024-12-05T13:46:39","guid":{"rendered":"https:\/\/kielinivel.tnk.fi\/?page_id=895"},"modified":"2025-01-13T22:28:46","modified_gmt":"2025-01-13T20:28:46","slug":"miten-maantiedon-teksteja-luetaan-5","status":"publish","type":"page","link":"https:\/\/kielinivel.tnk.fi\/?page_id=895","title":{"rendered":"Miten maantiedon tekstej\u00e4 luetaan &#8211; 5"},"content":{"rendered":"\n<figure class=\"wp-block-audio\"><audio controls src=\"https:\/\/kielinivel.tnk.fi\/wp-content\/uploads\/2025\/01\/Suomi_maantieto_5-2025-01-12-10_46_39.mp3\"><\/audio><\/figure>\n\n\n\n<p>Teht\u00e4v\u00e4t voivat edellytt\u00e4\u00e4 my\u00f6s sit\u00e4, ett\u00e4 <strong>tekstin perusteella p\u00e4\u00e4tell\u00e4\u00e4n &nbsp;ja tutkitaan itse<\/strong> (<em>Selvit\u00e4, voisiko Marsissa olla el\u00e4m\u00e4\u00e4<\/em>).<\/p>\n\n\n\n<p>Tekstit voivat usein olla my\u00f6s puhuttuja (videoita, tv-dokumentteja jne.). Kuvat tukevat silloin ymm\u00e4rt\u00e4mist\u00e4. Usein on mahdollista <strong>katsoa esitys uudelleen<\/strong>.<\/p>\n\n\n\n<div class=\"wp-block-buttons is-layout-flex wp-block-buttons-is-layout-flex\">\n<div class=\"wp-block-button\"><a class=\"wp-block-button__link wp-element-button\" href=\"https:\/\/kielinivel.tnk.fi\/?page_id=230\"><strong>\u276e\u276e&nbsp;TAKAISIN TEKSTIIN<\/strong><\/a><\/div>\n<\/div>\n\n\n\n<p><\/p>\n","protected":false},"excerpt":{"rendered":"<p>Teht\u00e4v\u00e4t voivat edellytt\u00e4\u00e4 my\u00f6s sit\u00e4, ett\u00e4 tekstin perusteella p\u00e4\u00e4tell\u00e4\u00e4n &nbsp;ja tutkitaan itse (Selvit\u00e4, voisiko Marsissa olla el\u00e4m\u00e4\u00e4). Tekstit voivat usein olla my\u00f6s puhuttuja (videoita, tv-dokumentteja jne.). Kuvat tukevat silloin ymm\u00e4rt\u00e4mist\u00e4. Usein on mahdollista katsoa esitys uudelleen.<\/p>\n","protected":false},"author":2,"featured_media":0,"parent":230,"menu_order":0,"comment_status":"closed","ping_status":"closed","template":"","meta":{"footnotes":""},"class_list":["post-895","page","type-page","status-publish","hentry"],"_links":{"self":[{"href":"https:\/\/kielinivel.tnk.fi\/index.php?rest_route=\/wp\/v2\/pages\/895","targetHints":{"allow":["GET"]}}],"collection":[{"href":"https:\/\/kielinivel.tnk.fi\/index.php?rest_route=\/wp\/v2\/pages"}],"about":[{"href":"https:\/\/kielinivel.tnk.fi\/index.php?rest_route=\/wp\/v2\/types\/page"}],"author":[{"embeddable":true,"href":"https:\/\/kielinivel.tnk.fi\/index.php?rest_route=\/wp\/v2\/users\/2"}],"replies":[{"embeddable":true,"href":"https:\/\/kielinivel.tnk.fi\/index.php?rest_route=%2Fwp%2Fv2%2Fcomments&post=895"}],"version-history":[{"count":3,"href":"https:\/\/kielinivel.tnk.fi\/index.php?rest_route=\/wp\/v2\/pages\/895\/revisions"}],"predecessor-version":[{"id":3475,"href":"https:\/\/kielinivel.tnk.fi\/index.php?rest_route=\/wp\/v2\/pages\/895\/revisions\/3475"}],"up":[{"embeddable":true,"href":"https:\/\/kielinivel.tnk.fi\/index.php?rest_route=\/wp\/v2\/pages\/230"}],"wp:attachment":[{"href":"https:\/\/kielinivel.tnk.fi\/index.php?rest_route=%2Fwp%2Fv2%2Fmedia&parent=895"}],"curies":[{"name":"wp","href":"https:\/\/api.w.org\/{rel}","templated":true}]}}