{"id":900,"date":"2024-12-05T15:49:38","date_gmt":"2024-12-05T13:49:38","guid":{"rendered":"https:\/\/kielinivel.tnk.fi\/?page_id=900"},"modified":"2025-01-13T22:30:55","modified_gmt":"2025-01-13T20:30:55","slug":"miten-maantietoa-opiskellaan-kotona","status":"publish","type":"page","link":"https:\/\/kielinivel.tnk.fi\/?page_id=900","title":{"rendered":"Miten maantietoa opiskellaan kotona?"},"content":{"rendered":"\n<figure class=\"wp-block-audio\"><audio controls src=\"https:\/\/kielinivel.tnk.fi\/wp-content\/uploads\/2025\/01\/Suomi_maantieto_kotona-2025-01-12-10_50_05.mp3\"><\/audio><\/figure>\n\n\n\n<ol class=\"wp-block-list\">\n<li>Lue oppikirjan teksti.<\/li>\n\n\n\n<li>Varmista, ett\u00e4 l\u00f6yd\u00e4t keskeiset uuden k\u00e4sitteet. Luokittele niit\u00e4, eli muodosta niist\u00e4 ryhmi\u00e4 (alaryhmi\u00e4, yl\u00e4k\u00e4sitteit\u00e4).<\/li>\n\n\n\n<li>Etsi tekstist\u00e4 prosessit ja piirr\u00e4 niist\u00e4 kaaviokuva.<\/li>\n\n\n\n<li>Tee kotiteht\u00e4v\u00e4t.<\/li>\n<\/ol>\n\n\n\n<p><\/p>\n\n\n\n<div class=\"wp-block-buttons is-layout-flex wp-block-buttons-is-layout-flex\">\n<div class=\"wp-block-button\"><a class=\"wp-block-button__link wp-element-button\" href=\"https:\/\/kielinivel.tnk.fi\/?page_id=230\"><strong>\u276e\u276e&nbsp;TAKAISIN TEKSTIIN<\/strong><\/a><\/div>\n<\/div>\n\n\n\n<p><\/p>\n","protected":false},"excerpt":{"rendered":"","protected":false},"author":2,"featured_media":0,"parent":230,"menu_order":12,"comment_status":"closed","ping_status":"closed","template":"","meta":{"footnotes":""},"class_list":["post-900","page","type-page","status-publish","hentry"],"_links":{"self":[{"href":"https:\/\/kielinivel.tnk.fi\/index.php?rest_route=\/wp\/v2\/pages\/900","targetHints":{"allow":["GET"]}}],"collection":[{"href":"https:\/\/kielinivel.tnk.fi\/index.php?rest_route=\/wp\/v2\/pages"}],"about":[{"href":"https:\/\/kielinivel.tnk.fi\/index.php?rest_route=\/wp\/v2\/types\/page"}],"author":[{"embeddable":true,"href":"https:\/\/kielinivel.tnk.fi\/index.php?rest_route=\/wp\/v2\/users\/2"}],"replies":[{"embeddable":true,"href":"https:\/\/kielinivel.tnk.fi\/index.php?rest_route=%2Fwp%2Fv2%2Fcomments&post=900"}],"version-history":[{"count":3,"href":"https:\/\/kielinivel.tnk.fi\/index.php?rest_route=\/wp\/v2\/pages\/900\/revisions"}],"predecessor-version":[{"id":3481,"href":"https:\/\/kielinivel.tnk.fi\/index.php?rest_route=\/wp\/v2\/pages\/900\/revisions\/3481"}],"up":[{"embeddable":true,"href":"https:\/\/kielinivel.tnk.fi\/index.php?rest_route=\/wp\/v2\/pages\/230"}],"wp:attachment":[{"href":"https:\/\/kielinivel.tnk.fi\/index.php?rest_route=%2Fwp%2Fv2%2Fmedia&parent=900"}],"curies":[{"name":"wp","href":"https:\/\/api.w.org\/{rel}","templated":true}]}}