{"id":902,"date":"2024-12-05T15:51:16","date_gmt":"2024-12-05T13:51:16","guid":{"rendered":"https:\/\/kielinivel.tnk.fi\/?page_id=902"},"modified":"2025-01-13T22:31:36","modified_gmt":"2025-01-13T20:31:36","slug":"miten-maantiedon-kokeeseen-kerrataan","status":"publish","type":"page","link":"https:\/\/kielinivel.tnk.fi\/?page_id=902","title":{"rendered":"Miten maantiedon kokeeseen kerrataan?"},"content":{"rendered":"\n<figure class=\"wp-block-audio\"><audio controls src=\"https:\/\/kielinivel.tnk.fi\/wp-content\/uploads\/2025\/01\/Suomi_maantieto_kokeisiin-2025-01-12-10_51_33.mp3\"><\/audio><\/figure>\n\n\n\n<ol class=\"wp-block-list\">\n<li>Lue koealue l\u00e4pi pienin\u00e4 annoksina, useina p\u00e4ivin\u00e4.<\/li>\n\n\n\n<li>Kirjoita omin sanoin selityksi\u00e4 keskeisille k\u00e4sitteille.&nbsp; Luokittele koealueen k\u00e4sitteit\u00e4 ryhmiksi. Mitk\u00e4 k\u00e4sitteet liittyv\u00e4t toisiinsa? Miten?<\/li>\n\n\n\n<li>Varmista, ett\u00e4 ymm\u00e4rr\u00e4t prosessit, joita teksteiss\u00e4 kuvataan. Piirr\u00e4 kaavioita.<\/li>\n\n\n\n<li>Harjoittele kotiteht\u00e4vill\u00e4.<\/li>\n<\/ol>\n\n\n\n<div class=\"wp-block-buttons is-layout-flex wp-block-buttons-is-layout-flex\">\n<div class=\"wp-block-button\"><a class=\"wp-block-button__link wp-element-button\" href=\"https:\/\/kielinivel.tnk.fi\/?page_id=230\"><strong>\u276e\u276e&nbsp;TAKAISIN TEKSTIIN<\/strong><\/a><\/div>\n<\/div>\n\n\n\n<p><\/p>\n","protected":false},"excerpt":{"rendered":"","protected":false},"author":2,"featured_media":0,"parent":230,"menu_order":13,"comment_status":"closed","ping_status":"closed","template":"","meta":{"footnotes":""},"class_list":["post-902","page","type-page","status-publish","hentry"],"_links":{"self":[{"href":"https:\/\/kielinivel.tnk.fi\/index.php?rest_route=\/wp\/v2\/pages\/902","targetHints":{"allow":["GET"]}}],"collection":[{"href":"https:\/\/kielinivel.tnk.fi\/index.php?rest_route=\/wp\/v2\/pages"}],"about":[{"href":"https:\/\/kielinivel.tnk.fi\/index.php?rest_route=\/wp\/v2\/types\/page"}],"author":[{"embeddable":true,"href":"https:\/\/kielinivel.tnk.fi\/index.php?rest_route=\/wp\/v2\/users\/2"}],"replies":[{"embeddable":true,"href":"https:\/\/kielinivel.tnk.fi\/index.php?rest_route=%2Fwp%2Fv2%2Fcomments&post=902"}],"version-history":[{"count":3,"href":"https:\/\/kielinivel.tnk.fi\/index.php?rest_route=\/wp\/v2\/pages\/902\/revisions"}],"predecessor-version":[{"id":3483,"href":"https:\/\/kielinivel.tnk.fi\/index.php?rest_route=\/wp\/v2\/pages\/902\/revisions\/3483"}],"up":[{"embeddable":true,"href":"https:\/\/kielinivel.tnk.fi\/index.php?rest_route=\/wp\/v2\/pages\/230"}],"wp:attachment":[{"href":"https:\/\/kielinivel.tnk.fi\/index.php?rest_route=%2Fwp%2Fv2%2Fmedia&parent=902"}],"curies":[{"name":"wp","href":"https:\/\/api.w.org\/{rel}","templated":true}]}}