{"id":917,"date":"2024-12-05T19:22:24","date_gmt":"2024-12-05T17:22:24","guid":{"rendered":"https:\/\/kielinivel.tnk.fi\/?page_id=917"},"modified":"2025-01-13T22:34:13","modified_gmt":"2025-01-13T20:34:13","slug":"miten-suomen-kielta-ja-kirjallisuutta-toisena-kielena-s2-opiskellaan-2","status":"publish","type":"page","link":"https:\/\/kielinivel.tnk.fi\/?page_id=917","title":{"rendered":"Miten suomen kielt\u00e4 ja kirjallisuutta toisena kielen\u00e4 (S2) opiskellaan? &#8211; 2"},"content":{"rendered":"\n<figure class=\"wp-block-audio\"><audio controls src=\"https:\/\/kielinivel.tnk.fi\/wp-content\/uploads\/2025\/01\/Suomi_S2_2-2025-01-12-10_04_39.mp3\"><\/audio><\/figure>\n\n\n\n<p>S2-tunneilla taas keskityt\u00e4\u00e4n <strong>suomen kielen yleiseen sanastoon, kielen rakenteisiin, lukutaitoon ja kirjoitustaitoon<\/strong>. Tunneilla my\u00f6s annetaan <strong>yleist\u00e4 tietoa suomen kielest\u00e4, kirjallisuudesta ja medioista<\/strong>. Oppitunneilla opiskellaan n\u00e4ihin aiheisiin liittyvi\u00e4 k\u00e4sitteit\u00e4 (esimerkiksi <em>ingressi, klikkiotsikko, disinformaatio<\/em>). Tunneilla harjoitellaan <strong>omaa ilmaisua ja esiintymisrohkeutta<\/strong>, koska jokaisen on t\u00e4rke\u00e4\u00e4 uskaltaa hoitaa omia asioitaan ja ilmaista omia mielipiteit\u00e4\u00e4n yhteiskunnassa.<\/p>\n\n\n\n<p><\/p>\n\n\n\n<div class=\"wp-block-buttons is-layout-flex wp-block-buttons-is-layout-flex\">\n<div class=\"wp-block-button\"><a class=\"wp-block-button__link wp-element-button\" href=\"https:\/\/kielinivel.tnk.fi\/?page_id=249\"><strong>\u276e\u276e&nbsp;TAKAISIN TEKSTIIN<\/strong><\/a><\/div>\n<\/div>\n\n\n\n<p><\/p>\n","protected":false},"excerpt":{"rendered":"<p>S2-tunneilla taas keskityt\u00e4\u00e4n suomen kielen yleiseen sanastoon, kielen rakenteisiin, lukutaitoon ja kirjoitustaitoon. Tunneilla my\u00f6s annetaan yleist\u00e4 tietoa suomen kielest\u00e4, kirjallisuudesta ja medioista. Oppitunneilla opiskellaan n\u00e4ihin aiheisiin liittyvi\u00e4 k\u00e4sitteit\u00e4 (esimerkiksi ingressi, klikkiotsikko, disinformaatio). Tunneilla harjoitellaan omaa ilmaisua ja esiintymisrohkeutta, koska jokaisen on t\u00e4rke\u00e4\u00e4 uskaltaa hoitaa omia asioitaan ja ilmaista omia mielipiteit\u00e4\u00e4n yhteiskunnassa.<\/p>\n","protected":false},"author":2,"featured_media":0,"parent":249,"menu_order":0,"comment_status":"closed","ping_status":"closed","template":"","meta":{"footnotes":""},"class_list":["post-917","page","type-page","status-publish","hentry"],"_links":{"self":[{"href":"https:\/\/kielinivel.tnk.fi\/index.php?rest_route=\/wp\/v2\/pages\/917","targetHints":{"allow":["GET"]}}],"collection":[{"href":"https:\/\/kielinivel.tnk.fi\/index.php?rest_route=\/wp\/v2\/pages"}],"about":[{"href":"https:\/\/kielinivel.tnk.fi\/index.php?rest_route=\/wp\/v2\/types\/page"}],"author":[{"embeddable":true,"href":"https:\/\/kielinivel.tnk.fi\/index.php?rest_route=\/wp\/v2\/users\/2"}],"replies":[{"embeddable":true,"href":"https:\/\/kielinivel.tnk.fi\/index.php?rest_route=%2Fwp%2Fv2%2Fcomments&post=917"}],"version-history":[{"count":3,"href":"https:\/\/kielinivel.tnk.fi\/index.php?rest_route=\/wp\/v2\/pages\/917\/revisions"}],"predecessor-version":[{"id":3485,"href":"https:\/\/kielinivel.tnk.fi\/index.php?rest_route=\/wp\/v2\/pages\/917\/revisions\/3485"}],"up":[{"embeddable":true,"href":"https:\/\/kielinivel.tnk.fi\/index.php?rest_route=\/wp\/v2\/pages\/249"}],"wp:attachment":[{"href":"https:\/\/kielinivel.tnk.fi\/index.php?rest_route=%2Fwp%2Fv2%2Fmedia&parent=917"}],"curies":[{"name":"wp","href":"https:\/\/api.w.org\/{rel}","templated":true}]}}