{"id":919,"date":"2024-12-05T19:23:22","date_gmt":"2024-12-05T17:23:22","guid":{"rendered":"https:\/\/kielinivel.tnk.fi\/?page_id=919"},"modified":"2025-01-13T22:35:04","modified_gmt":"2025-01-13T20:35:04","slug":"miten-suomen-kielta-ja-kirjallisuutta-toisena-kielena-s2-opiskellaan-3","status":"publish","type":"page","link":"https:\/\/kielinivel.tnk.fi\/?page_id=919","title":{"rendered":"Miten suomen kielt\u00e4 ja kirjallisuutta toisena kielen\u00e4 (S2) opiskellaan? &#8211; 3"},"content":{"rendered":"\n<figure class=\"wp-block-audio\"><audio controls src=\"https:\/\/kielinivel.tnk.fi\/wp-content\/uploads\/2025\/01\/Suomi_S2_3-2025-01-12-10_06_18.mp3\"><\/audio><\/figure>\n\n\n\n<p>S2-tunneilla tutustutaan eri <strong>tekstilajien<\/strong>, esimerkiksi uutisen, <strong>ominaisuuksiin<\/strong>&nbsp; niin lukemalla, puhumalla kuin itse kirjoittamalla. &nbsp;Ensin luetaan, sitten laaditaan itse monenlaisia lyhyempi\u00e4 ja pitempi\u00e4 tekstej\u00e4. Tekstilajeista annetaan aina <strong>mallit<\/strong> omaa tuottamista varten. Mallin yksityiskohtaisuus riippuu oppilaan kielitaidosta: alkuvaiheessa apuna voi olla mallisanoja, taivutusmalli tai lausemalli, pitemm\u00e4lle ehtineille kielenoppijoille riitt\u00e4\u00e4 malli koko tekstin rakenteesta, kuten t\u00e4ss\u00e4 uutisen rakenteesta.&nbsp; Teksti puretaan pieniin osiin oppilaan taitojen mukaan.&nbsp; Omaa tuottamista harjoitellaan oppilaalle sopivan &nbsp;mallin mukaan. Kirjoittamiseen ja lukemiseen &nbsp;voidaan antaa lis\u00e4ksi <strong>apukysymyksi\u00e4 tai apusanastoa<\/strong>. <\/p>\n\n\n\n<p><\/p>\n\n\n\n<div class=\"wp-block-buttons is-layout-flex wp-block-buttons-is-layout-flex\">\n<div class=\"wp-block-button\"><a class=\"wp-block-button__link wp-element-button\" href=\"https:\/\/kielinivel.tnk.fi\/?page_id=249\"><strong>\u276e\u276e&nbsp;TAKAISIN TEKSTIIN<\/strong><\/a><\/div>\n<\/div>\n\n\n\n<p><\/p>\n","protected":false},"excerpt":{"rendered":"<p>S2-tunneilla tutustutaan eri tekstilajien, esimerkiksi uutisen, ominaisuuksiin&nbsp; niin lukemalla, puhumalla kuin itse kirjoittamalla. &nbsp;Ensin luetaan, sitten laaditaan itse monenlaisia lyhyempi\u00e4 ja pitempi\u00e4 tekstej\u00e4. Tekstilajeista annetaan aina mallit omaa tuottamista varten. Mallin yksityiskohtaisuus riippuu oppilaan kielitaidosta: alkuvaiheessa apuna voi olla mallisanoja, taivutusmalli tai lausemalli, pitemm\u00e4lle ehtineille kielenoppijoille riitt\u00e4\u00e4 malli koko tekstin rakenteesta, kuten t\u00e4ss\u00e4 uutisen rakenteesta.&nbsp; [&hellip;]<\/p>\n","protected":false},"author":2,"featured_media":0,"parent":249,"menu_order":0,"comment_status":"closed","ping_status":"closed","template":"","meta":{"footnotes":""},"class_list":["post-919","page","type-page","status-publish","hentry"],"_links":{"self":[{"href":"https:\/\/kielinivel.tnk.fi\/index.php?rest_route=\/wp\/v2\/pages\/919","targetHints":{"allow":["GET"]}}],"collection":[{"href":"https:\/\/kielinivel.tnk.fi\/index.php?rest_route=\/wp\/v2\/pages"}],"about":[{"href":"https:\/\/kielinivel.tnk.fi\/index.php?rest_route=\/wp\/v2\/types\/page"}],"author":[{"embeddable":true,"href":"https:\/\/kielinivel.tnk.fi\/index.php?rest_route=\/wp\/v2\/users\/2"}],"replies":[{"embeddable":true,"href":"https:\/\/kielinivel.tnk.fi\/index.php?rest_route=%2Fwp%2Fv2%2Fcomments&post=919"}],"version-history":[{"count":3,"href":"https:\/\/kielinivel.tnk.fi\/index.php?rest_route=\/wp\/v2\/pages\/919\/revisions"}],"predecessor-version":[{"id":3487,"href":"https:\/\/kielinivel.tnk.fi\/index.php?rest_route=\/wp\/v2\/pages\/919\/revisions\/3487"}],"up":[{"embeddable":true,"href":"https:\/\/kielinivel.tnk.fi\/index.php?rest_route=\/wp\/v2\/pages\/249"}],"wp:attachment":[{"href":"https:\/\/kielinivel.tnk.fi\/index.php?rest_route=%2Fwp%2Fv2%2Fmedia&parent=919"}],"curies":[{"name":"wp","href":"https:\/\/api.w.org\/{rel}","templated":true}]}}