{"id":921,"date":"2024-12-05T19:24:34","date_gmt":"2024-12-05T17:24:34","guid":{"rendered":"https:\/\/kielinivel.tnk.fi\/?page_id=921"},"modified":"2025-01-13T22:36:09","modified_gmt":"2025-01-13T20:36:09","slug":"miten-suomen-kielta-ja-kirjallisuutta-toisena-kielena-s2-opiskellaan-4","status":"publish","type":"page","link":"https:\/\/kielinivel.tnk.fi\/?page_id=921","title":{"rendered":"Miten suomen kielt\u00e4 ja kirjallisuutta toisena kielen\u00e4 (S2) opiskellaan? &#8211; 4"},"content":{"rendered":"\n<figure class=\"wp-block-audio\"><audio controls src=\"https:\/\/kielinivel.tnk.fi\/wp-content\/uploads\/2025\/01\/Suomi_S2_4-2025-01-12-10_07_47.mp3\"><\/audio><\/figure>\n\n\n\n<p>Oppikirjojen <strong>teht\u00e4v\u00e4t j\u00e4rjestell\u00e4\u00e4n yleens\u00e4 helpoista vaikeampiin<\/strong>. Teht\u00e4v\u00e4\u00e4n 1 pystyv\u00e4t vastaamaan nekin, joiden suomen kielen taito on vasta kehittym\u00e4ss\u00e4, koska vastaukset l\u00f6ytyv\u00e4t suoraan tekstist\u00e4. &nbsp;Teht\u00e4v\u00e4 2 keskittyy olennaisten k\u00e4sitteiden ymm\u00e4rt\u00e4miseen. Teht\u00e4v\u00e4 3 taas&nbsp; edellytt\u00e4\u00e4 asioiden yhdistelemist\u00e4 ja etsimist\u00e4 laajemmin tekstist\u00e4, ja vastaamiseen tarvitaan jo parempaa kielitaitoa. Teht\u00e4v\u00e4t tunnilla voivat olla toiminnallisia (esimerkiksi oma kirjoittaminen, draama ja&nbsp; vuoropuhelu tai liikuntaleikit) tai edellytt\u00e4\u00e4 ryhm\u00e4ss\u00e4 toimimista (ryhm\u00e4- tai parity\u00f6t),&nbsp; p\u00e4\u00e4ttelemist\u00e4 tai jopa luovuutta (teht\u00e4v\u00e4nantoina esimerkiksi <em>keksi, p\u00e4\u00e4ttele, suunnittele<\/em>).<\/p>\n\n\n\n<p><\/p>\n\n\n\n<div class=\"wp-block-buttons is-layout-flex wp-block-buttons-is-layout-flex\">\n<div class=\"wp-block-button\"><a class=\"wp-block-button__link wp-element-button\" href=\"https:\/\/kielinivel.tnk.fi\/?page_id=249\"><strong>\u276e\u276e&nbsp;TAKAISIN TEKSTIIN<\/strong><\/a><\/div>\n<\/div>\n\n\n\n<p><\/p>\n","protected":false},"excerpt":{"rendered":"<p>Oppikirjojen teht\u00e4v\u00e4t j\u00e4rjestell\u00e4\u00e4n yleens\u00e4 helpoista vaikeampiin. Teht\u00e4v\u00e4\u00e4n 1 pystyv\u00e4t vastaamaan nekin, joiden suomen kielen taito on vasta kehittym\u00e4ss\u00e4, koska vastaukset l\u00f6ytyv\u00e4t suoraan tekstist\u00e4. &nbsp;Teht\u00e4v\u00e4 2 keskittyy olennaisten k\u00e4sitteiden ymm\u00e4rt\u00e4miseen. Teht\u00e4v\u00e4 3 taas&nbsp; edellytt\u00e4\u00e4 asioiden yhdistelemist\u00e4 ja etsimist\u00e4 laajemmin tekstist\u00e4, ja vastaamiseen tarvitaan jo parempaa kielitaitoa. Teht\u00e4v\u00e4t tunnilla voivat olla toiminnallisia (esimerkiksi oma kirjoittaminen, draama ja&nbsp; [&hellip;]<\/p>\n","protected":false},"author":2,"featured_media":0,"parent":249,"menu_order":0,"comment_status":"closed","ping_status":"closed","template":"","meta":{"footnotes":""},"class_list":["post-921","page","type-page","status-publish","hentry"],"_links":{"self":[{"href":"https:\/\/kielinivel.tnk.fi\/index.php?rest_route=\/wp\/v2\/pages\/921","targetHints":{"allow":["GET"]}}],"collection":[{"href":"https:\/\/kielinivel.tnk.fi\/index.php?rest_route=\/wp\/v2\/pages"}],"about":[{"href":"https:\/\/kielinivel.tnk.fi\/index.php?rest_route=\/wp\/v2\/types\/page"}],"author":[{"embeddable":true,"href":"https:\/\/kielinivel.tnk.fi\/index.php?rest_route=\/wp\/v2\/users\/2"}],"replies":[{"embeddable":true,"href":"https:\/\/kielinivel.tnk.fi\/index.php?rest_route=%2Fwp%2Fv2%2Fcomments&post=921"}],"version-history":[{"count":3,"href":"https:\/\/kielinivel.tnk.fi\/index.php?rest_route=\/wp\/v2\/pages\/921\/revisions"}],"predecessor-version":[{"id":3491,"href":"https:\/\/kielinivel.tnk.fi\/index.php?rest_route=\/wp\/v2\/pages\/921\/revisions\/3491"}],"up":[{"embeddable":true,"href":"https:\/\/kielinivel.tnk.fi\/index.php?rest_route=\/wp\/v2\/pages\/249"}],"wp:attachment":[{"href":"https:\/\/kielinivel.tnk.fi\/index.php?rest_route=%2Fwp%2Fv2%2Fmedia&parent=921"}],"curies":[{"name":"wp","href":"https:\/\/api.w.org\/{rel}","templated":true}]}}