{"id":923,"date":"2024-12-05T19:25:55","date_gmt":"2024-12-05T17:25:55","guid":{"rendered":"https:\/\/kielinivel.tnk.fi\/?page_id=923"},"modified":"2025-01-13T22:37:04","modified_gmt":"2025-01-13T20:37:04","slug":"miten-suomen-kielta-ja-kirjallisuutta-toisena-kielena-s2-opiskellaan-5","status":"publish","type":"page","link":"https:\/\/kielinivel.tnk.fi\/?page_id=923","title":{"rendered":"Miten suomen kielt\u00e4 ja kirjallisuutta toisena kielen\u00e4 (S2) opiskellaan? &#8211; 5"},"content":{"rendered":"\n<figure class=\"wp-block-audio\"><audio controls src=\"https:\/\/kielinivel.tnk.fi\/wp-content\/uploads\/2025\/01\/Suomi_S2_5-2025-01-12-10_09_53.mp3\"><\/audio><\/figure>\n\n\n\n<p>S2-tunneilla tutustutaan my\u00f6s <strong>suomalaiseen kulttuuriin<\/strong>, erityisesti kirjallisuuteen. Suomessa asuvalle on tarpeellista ymm\u00e4rt\u00e4\u00e4 ymp\u00e4r\u00f6iv\u00e4\u00e4 yhteiskuntaa, kielt\u00e4 ja kulttuuria. Suomalaista kirjallisuutta ja medioita&nbsp; lukemalla nuoret tutustuvat oppitunneilla suomalaiseen el\u00e4m\u00e4nmenoon ja tapoihin, ihmisten ajatuksiin ja <strong>yhteiskunnassa arvossa pidettyihin asioihin<\/strong>, esimerkiksi tiedonv\u00e4lityksen ja uutisten objektiivisuuteen ja totuudenmukaisuuteen. On t\u00e4rke\u00e4\u00e4, ett\u00e4 uutiset yhteiskunnan tapahtumista saavuttavat kaikki oppilaat, ett\u00e4 he osaavat <strong>arvioida<\/strong> niiden todenper\u00e4isyytt\u00e4. Siksi <strong>medialukutaitoa<\/strong> harjoitellaan koko ajan. Tekstien aiheet vaihtelevat laajasti. Mit\u00e4 enemm\u00e4n oppilas tiet\u00e4\u00e4 yleens\u00e4kin maailman asioista, sen helpompaa h\u00e4nelle on tunnilla osallistuminen ja oma tuottaminen. Vapaa-aikana monenlaisten tekstien&nbsp; lukeminen, eri aikuisten kanssa keskusteleminen ja riippumattomien uutismedioiden seuraaminen antavat maailmantietoa enemm\u00e4n kuin kapea ja usein asenteellinen some-maailma. N\u00e4ill\u00e4 keinoilla voi laajentaa my\u00f6s sanavarastoa ja ilmaisutapoja. Suomen kielen oppimista tapahtuu siis kaikkialla muuallakin kuin oppitunneilla.<\/p>\n\n\n\n<p><\/p>\n\n\n\n<div class=\"wp-block-buttons is-layout-flex wp-block-buttons-is-layout-flex\">\n<div class=\"wp-block-button\"><a class=\"wp-block-button__link wp-element-button\" href=\"https:\/\/kielinivel.tnk.fi\/?page_id=249\"><strong>\u276e\u276e&nbsp;TAKAISIN TEKSTIIN<\/strong><\/a><\/div>\n<\/div>\n\n\n\n<p><\/p>\n","protected":false},"excerpt":{"rendered":"<p>S2-tunneilla tutustutaan my\u00f6s suomalaiseen kulttuuriin, erityisesti kirjallisuuteen. Suomessa asuvalle on tarpeellista ymm\u00e4rt\u00e4\u00e4 ymp\u00e4r\u00f6iv\u00e4\u00e4 yhteiskuntaa, kielt\u00e4 ja kulttuuria. Suomalaista kirjallisuutta ja medioita&nbsp; lukemalla nuoret tutustuvat oppitunneilla suomalaiseen el\u00e4m\u00e4nmenoon ja tapoihin, ihmisten ajatuksiin ja yhteiskunnassa arvossa pidettyihin asioihin, esimerkiksi tiedonv\u00e4lityksen ja uutisten objektiivisuuteen ja totuudenmukaisuuteen. On t\u00e4rke\u00e4\u00e4, ett\u00e4 uutiset yhteiskunnan tapahtumista saavuttavat kaikki oppilaat, ett\u00e4 he osaavat [&hellip;]<\/p>\n","protected":false},"author":2,"featured_media":0,"parent":249,"menu_order":0,"comment_status":"closed","ping_status":"closed","template":"","meta":{"footnotes":""},"class_list":["post-923","page","type-page","status-publish","hentry"],"_links":{"self":[{"href":"https:\/\/kielinivel.tnk.fi\/index.php?rest_route=\/wp\/v2\/pages\/923","targetHints":{"allow":["GET"]}}],"collection":[{"href":"https:\/\/kielinivel.tnk.fi\/index.php?rest_route=\/wp\/v2\/pages"}],"about":[{"href":"https:\/\/kielinivel.tnk.fi\/index.php?rest_route=\/wp\/v2\/types\/page"}],"author":[{"embeddable":true,"href":"https:\/\/kielinivel.tnk.fi\/index.php?rest_route=\/wp\/v2\/users\/2"}],"replies":[{"embeddable":true,"href":"https:\/\/kielinivel.tnk.fi\/index.php?rest_route=%2Fwp%2Fv2%2Fcomments&post=923"}],"version-history":[{"count":3,"href":"https:\/\/kielinivel.tnk.fi\/index.php?rest_route=\/wp\/v2\/pages\/923\/revisions"}],"predecessor-version":[{"id":3493,"href":"https:\/\/kielinivel.tnk.fi\/index.php?rest_route=\/wp\/v2\/pages\/923\/revisions\/3493"}],"up":[{"embeddable":true,"href":"https:\/\/kielinivel.tnk.fi\/index.php?rest_route=\/wp\/v2\/pages\/249"}],"wp:attachment":[{"href":"https:\/\/kielinivel.tnk.fi\/index.php?rest_route=%2Fwp%2Fv2%2Fmedia&parent=923"}],"curies":[{"name":"wp","href":"https:\/\/api.w.org\/{rel}","templated":true}]}}