{"id":925,"date":"2024-12-05T19:27:19","date_gmt":"2024-12-05T17:27:19","guid":{"rendered":"https:\/\/kielinivel.tnk.fi\/?page_id=925"},"modified":"2025-01-13T22:37:45","modified_gmt":"2025-01-13T20:37:45","slug":"tehtavia","status":"publish","type":"page","link":"https:\/\/kielinivel.tnk.fi\/?page_id=925","title":{"rendered":"Teht\u00e4vi\u00e4"},"content":{"rendered":"\n<figure class=\"wp-block-audio\"><audio controls src=\"https:\/\/kielinivel.tnk.fi\/wp-content\/uploads\/2025\/01\/Suomi_S2_tehtavat-2025-01-12-14_54_05.mp3\"><\/audio><\/figure>\n\n\n\n<ol class=\"wp-block-list\">\n<li>Tee lista&nbsp; uutisen rakenteesta.<\/li>\n\n\n\n<li>Tee lista sanoista, joiden merkityst\u00e4 et ymm\u00e4rr\u00e4. Selvit\u00e4 merkitykset omalla kielell\u00e4, ja sitten omin sanoin suomeksi.<\/li>\n\n\n\n<li>Lue uutinen. Tee juonikaavio kolarin tapahtumista. Mist\u00e4 kaikki alkoi? Millaisia tapahtumia seurasi ja mihin kaikki p\u00e4\u00e4ttyi?<\/li>\n\n\n\n<li>Selit\u00e4 tekstin perusteella, mit\u00e4 tarkoittaa uutisen <em>totuudenmukaisuus<\/em>.<\/li>\n<\/ol>\n\n\n\n<p><\/p>\n\n\n\n<div class=\"wp-block-buttons is-layout-flex wp-block-buttons-is-layout-flex\">\n<div class=\"wp-block-button\"><a class=\"wp-block-button__link wp-element-button\" href=\"https:\/\/kielinivel.tnk.fi\/?page_id=249\"><strong>\u276e\u276e&nbsp;TAKAISIN TEKSTIIN<\/strong><\/a><\/div>\n<\/div>\n\n\n\n<p><\/p>\n","protected":false},"excerpt":{"rendered":"","protected":false},"author":2,"featured_media":0,"parent":249,"menu_order":11,"comment_status":"closed","ping_status":"closed","template":"","meta":{"footnotes":""},"class_list":["post-925","page","type-page","status-publish","hentry"],"_links":{"self":[{"href":"https:\/\/kielinivel.tnk.fi\/index.php?rest_route=\/wp\/v2\/pages\/925","targetHints":{"allow":["GET"]}}],"collection":[{"href":"https:\/\/kielinivel.tnk.fi\/index.php?rest_route=\/wp\/v2\/pages"}],"about":[{"href":"https:\/\/kielinivel.tnk.fi\/index.php?rest_route=\/wp\/v2\/types\/page"}],"author":[{"embeddable":true,"href":"https:\/\/kielinivel.tnk.fi\/index.php?rest_route=\/wp\/v2\/users\/2"}],"replies":[{"embeddable":true,"href":"https:\/\/kielinivel.tnk.fi\/index.php?rest_route=%2Fwp%2Fv2%2Fcomments&post=925"}],"version-history":[{"count":3,"href":"https:\/\/kielinivel.tnk.fi\/index.php?rest_route=\/wp\/v2\/pages\/925\/revisions"}],"predecessor-version":[{"id":3495,"href":"https:\/\/kielinivel.tnk.fi\/index.php?rest_route=\/wp\/v2\/pages\/925\/revisions\/3495"}],"up":[{"embeddable":true,"href":"https:\/\/kielinivel.tnk.fi\/index.php?rest_route=\/wp\/v2\/pages\/249"}],"wp:attachment":[{"href":"https:\/\/kielinivel.tnk.fi\/index.php?rest_route=%2Fwp%2Fv2%2Fmedia&parent=925"}],"curies":[{"name":"wp","href":"https:\/\/api.w.org\/{rel}","templated":true}]}}