{"id":927,"date":"2024-12-05T19:28:03","date_gmt":"2024-12-05T17:28:03","guid":{"rendered":"https:\/\/kielinivel.tnk.fi\/?page_id=927"},"modified":"2025-01-13T22:38:12","modified_gmt":"2025-01-13T20:38:12","slug":"miten-suomen-kielta-opiskellaan-kotona","status":"publish","type":"page","link":"https:\/\/kielinivel.tnk.fi\/?page_id=927","title":{"rendered":"Miten suomen kielt\u00e4 opiskellaan kotona?"},"content":{"rendered":"\n<figure class=\"wp-block-audio\"><audio controls src=\"https:\/\/kielinivel.tnk.fi\/wp-content\/uploads\/2025\/01\/Suomi_S2_kotona-2025-01-12-10_16_36.mp3\"><\/audio><\/figure>\n\n\n\n<ol class=\"wp-block-list\">\n<li>Lue kirjan kappaleet ja kertaa vihkomuistiinpanot.<\/li>\n\n\n\n<li>Tee kotiteht\u00e4v\u00e4t.<\/li>\n\n\n\n<li>Harjoittele lukemista koko ajan.&nbsp; Lue vapaa-aikana pieni\u00e4 suomenkielisi\u00e4 tekstej\u00e4, esimerkiksi maitopurkin kylke\u00e4, muropaketin tekstej\u00e4, kadunnimi\u00e4, mainoksia, ilmoitustaulujen ohjeita, tiedotteita, ilmaislehtien juttuja. Kirjastot ovat aarreaittoja!<\/li>\n\n\n\n<li>Katso suomenkielisi\u00e4 tv-ohjelmia tai kuuntele suomenkielist\u00e4 puhetta radiosta tai netist\u00e4.<\/li>\n\n\n\n<li>K\u00e4yt\u00e4 suomea sitke\u00e4sti aina kun voit. \u00c4l\u00e4 siirry englantiin, vaikka osaisit sit\u00e4 omasta mielest\u00e4si paremmin.<\/li>\n\n\n\n<li>Opiskele oma kielesi sujuvaksi, niin uusi kieli on helppo oppia. Kirjastoissa on monikielist\u00e4 aiheistoa. Suomessa toimii my\u00f6s monikielinen kirjasto, joka lainaa aineistoa kaikkialle Suomeen.<\/li>\n\n\n\n<li>Juttele aikuisten kanssa omalla kielell\u00e4 maailman ilmi\u00f6ist\u00e4 ja tapahtumista, kotiteht\u00e4vist\u00e4, Suomesta, koulusta, harrastuksista. N\u00e4in saat maailmantietoa, jota tarvitaan uusien asioiden ymm\u00e4rt\u00e4miseen. Jos ilmi\u00f6 on tuttu, ilmi\u00f6t\u00e4 merkitsev\u00e4 suomen kielen sana j\u00e4\u00e4 helpommin mieleen.<\/li>\n\n\n\n<li>Opettele korjaamaan kielivirheit\u00e4 yksi asia kerrallaan opettajan palautteen perusteella.<\/li>\n<\/ol>\n\n\n\n<p><\/p>\n\n\n\n<div class=\"wp-block-buttons is-layout-flex wp-block-buttons-is-layout-flex\">\n<div class=\"wp-block-button\"><a class=\"wp-block-button__link wp-element-button\" href=\"https:\/\/kielinivel.tnk.fi\/?page_id=249\"><strong>\u276e\u276e&nbsp;TAKAISIN TEKSTIIN<\/strong><\/a><\/div>\n<\/div>\n\n\n\n<p><\/p>\n","protected":false},"excerpt":{"rendered":"","protected":false},"author":2,"featured_media":0,"parent":249,"menu_order":12,"comment_status":"closed","ping_status":"closed","template":"","meta":{"footnotes":""},"class_list":["post-927","page","type-page","status-publish","hentry"],"_links":{"self":[{"href":"https:\/\/kielinivel.tnk.fi\/index.php?rest_route=\/wp\/v2\/pages\/927","targetHints":{"allow":["GET"]}}],"collection":[{"href":"https:\/\/kielinivel.tnk.fi\/index.php?rest_route=\/wp\/v2\/pages"}],"about":[{"href":"https:\/\/kielinivel.tnk.fi\/index.php?rest_route=\/wp\/v2\/types\/page"}],"author":[{"embeddable":true,"href":"https:\/\/kielinivel.tnk.fi\/index.php?rest_route=\/wp\/v2\/users\/2"}],"replies":[{"embeddable":true,"href":"https:\/\/kielinivel.tnk.fi\/index.php?rest_route=%2Fwp%2Fv2%2Fcomments&post=927"}],"version-history":[{"count":3,"href":"https:\/\/kielinivel.tnk.fi\/index.php?rest_route=\/wp\/v2\/pages\/927\/revisions"}],"predecessor-version":[{"id":3497,"href":"https:\/\/kielinivel.tnk.fi\/index.php?rest_route=\/wp\/v2\/pages\/927\/revisions\/3497"}],"up":[{"embeddable":true,"href":"https:\/\/kielinivel.tnk.fi\/index.php?rest_route=\/wp\/v2\/pages\/249"}],"wp:attachment":[{"href":"https:\/\/kielinivel.tnk.fi\/index.php?rest_route=%2Fwp%2Fv2%2Fmedia&parent=927"}],"curies":[{"name":"wp","href":"https:\/\/api.w.org\/{rel}","templated":true}]}}