{"id":929,"date":"2024-12-05T19:29:48","date_gmt":"2024-12-05T17:29:48","guid":{"rendered":"https:\/\/kielinivel.tnk.fi\/?page_id=929"},"modified":"2025-01-13T22:38:41","modified_gmt":"2025-01-13T20:38:41","slug":"miten-suomen-kielen-ja-kirjallisuuden-kokeisiin-kerrataan","status":"publish","type":"page","link":"https:\/\/kielinivel.tnk.fi\/?page_id=929","title":{"rendered":"Miten suomen kielen ja kirjallisuuden kokeisiin kerrataan?"},"content":{"rendered":"\n<figure class=\"wp-block-audio\"><audio controls src=\"https:\/\/kielinivel.tnk.fi\/wp-content\/uploads\/2025\/01\/Suomi_S2_kokeisiin-2025-01-12-10_20_10.mp3\"><\/audio><\/figure>\n\n\n\n<ol class=\"wp-block-list\">\n<li>Lue kerrattavat kappaleet kirjasta usean p\u00e4iv\u00e4n aikana, v\u00e4h\u00e4n kerrallaan. Valmista miellekarttoja ja kirjoita tiivistelmi\u00e4,&nbsp; listoja tai laadi kaavioita. Varmista, ett\u00e4 olet ymm\u00e4rt\u00e4nyt kappaleet ja niiden sanaston. T\u00e4ydenn\u00e4 osaamistasi vihkomuistiinpanot kertaamalla.<\/li>\n\n\n\n<li>Kertaa keskeisten opittavien k\u00e4sitteiden merkitys: selit\u00e4 ne omin samoin ja harjoittele kirjoittamaan ne oikein. Taivuta k\u00e4sitteit\u00e4 sijoittamalla ne erilaisiin lauseisiin. Varmista, ett\u00e4 et sekoita k\u00e4sitett\u00e4 johonkin l\u00e4hik\u00e4sitteeseen tai yl\u00e4- tai alak\u00e4sitteeseen.<\/li>\n\n\n\n<li>Kertaa kielioppiasiat harjoittelemalla tekem\u00e4tt\u00f6mi\u00e4 teht\u00e4vi\u00e4 ja jo tehtyj\u00e4 teht\u00e4vi\u00e4 uudelleen. Palauta mieleen seuraavat asiat:\n<ul class=\"wp-block-list\">\n<li>Mik\u00e4 on kielioppi-ilmi\u00f6n merkitys? Mit\u00e4 uutta ilmi\u00f6 tuo sanaan tai lauseeseen?<\/li>\n\n\n\n<li>Mist\u00e4 sanaluokasta tai lauseen ilmi\u00f6st\u00e4 on kysymys?<\/li>\n\n\n\n<li>Jos opittava asia liittyy taivutukseen: Mihin vartaloon muoto liitet\u00e4\u00e4n (verbeiss\u00e4 esim. y.1.p. \/ m.3.p. \/ perusmuoto; nomineissa vokaalivartalo \/ konsonanttivartalo)?<\/li>\n\n\n\n<li>Mit\u00e4 vaiheita tarvitaan, ennen kuin muoto syntyy?<\/li>\n\n\n\n<li>Miten kpt-vaihtelu liittyy asiaan?<\/li>\n\n\n\n<li>Jos opittava asia liittyy lauseisiin: Millaisia muutoksia koko lauseessa tapahtuu, kun ilmi\u00f6 toteutuu?&nbsp; (Esimerkiksi lauseen verbin muuttaminen kielteiseksi voi&nbsp; tuoda lauseeseen partitiivin: <em>Luen kirjan. &#8211; En lue kirjaa.)<\/em><\/li>\n<\/ul>\n<\/li>\n\n\n\n<li>Kertaa sanastoa kappaleista, niin osaat vastata my\u00f6s pitempiin kysymyksiin. Tarkista, ett\u00e4 osaat kirjoittaa erisnimet oikein.<\/li>\n\n\n\n<li>Lue kirjallisuusteksti ennalta, jos koe edellytt\u00e4\u00e4 sit\u00e4. Jos muistiinpanoja saa k\u00e4ytt\u00e4\u00e4, valmista ne ennalta.<\/li>\n\n\n\n<li>Kirjoitus- ja puheteht\u00e4viss\u00e4 tutustu arviointikriteereihin ennalta, niin tied\u00e4t, millainen on hyv\u00e4 suoritus.<\/li>\n<\/ol>\n\n\n\n<p><\/p>\n\n\n\n<div class=\"wp-block-buttons is-layout-flex wp-block-buttons-is-layout-flex\">\n<div class=\"wp-block-button\"><a class=\"wp-block-button__link wp-element-button\" href=\"https:\/\/kielinivel.tnk.fi\/?page_id=249\"><strong>\u276e\u276e&nbsp;TAKAISIN TEKSTIIN<\/strong><\/a><\/div>\n<\/div>\n\n\n\n<p><\/p>\n","protected":false},"excerpt":{"rendered":"","protected":false},"author":2,"featured_media":0,"parent":249,"menu_order":13,"comment_status":"closed","ping_status":"closed","template":"","meta":{"footnotes":""},"class_list":["post-929","page","type-page","status-publish","hentry"],"_links":{"self":[{"href":"https:\/\/kielinivel.tnk.fi\/index.php?rest_route=\/wp\/v2\/pages\/929","targetHints":{"allow":["GET"]}}],"collection":[{"href":"https:\/\/kielinivel.tnk.fi\/index.php?rest_route=\/wp\/v2\/pages"}],"about":[{"href":"https:\/\/kielinivel.tnk.fi\/index.php?rest_route=\/wp\/v2\/types\/page"}],"author":[{"embeddable":true,"href":"https:\/\/kielinivel.tnk.fi\/index.php?rest_route=\/wp\/v2\/users\/2"}],"replies":[{"embeddable":true,"href":"https:\/\/kielinivel.tnk.fi\/index.php?rest_route=%2Fwp%2Fv2%2Fcomments&post=929"}],"version-history":[{"count":3,"href":"https:\/\/kielinivel.tnk.fi\/index.php?rest_route=\/wp\/v2\/pages\/929\/revisions"}],"predecessor-version":[{"id":3499,"href":"https:\/\/kielinivel.tnk.fi\/index.php?rest_route=\/wp\/v2\/pages\/929\/revisions\/3499"}],"up":[{"embeddable":true,"href":"https:\/\/kielinivel.tnk.fi\/index.php?rest_route=\/wp\/v2\/pages\/249"}],"wp:attachment":[{"href":"https:\/\/kielinivel.tnk.fi\/index.php?rest_route=%2Fwp%2Fv2%2Fmedia&parent=929"}],"curies":[{"name":"wp","href":"https:\/\/api.w.org\/{rel}","templated":true}]}}