{"id":950,"date":"2024-12-09T12:29:12","date_gmt":"2024-12-09T10:29:12","guid":{"rendered":"https:\/\/kielinivel.tnk.fi\/?page_id=950"},"modified":"2025-01-09T22:37:41","modified_gmt":"2025-01-09T20:37:41","slug":"si-ti-studiojme-mesojme-tekstet-historike-5","status":"publish","type":"page","link":"https:\/\/kielinivel.tnk.fi\/?page_id=950","title":{"rendered":"Si ti studiojm\u00eb &#8211; m\u00ebsojm\u00eb tekstet\u00a0 historike? (5)"},"content":{"rendered":"\n<figure class=\"wp-block-audio\"><audio controls src=\"https:\/\/kielinivel.tnk.fi\/wp-content\/uploads\/2025\/01\/HIstoria_Albania_5.mp3\"><\/audio><\/figure>\n\n\n\n<p>N\u00eb format grafike mund ti paraqesim n\u00eb hart\u00eb, tabele apo diagrame duke krahasuar ndryshimet, b\u00ebjm\u00eb plot\u00ebsimin e diturive dhe \u00e7\u00ebshtjeve kryesore brenda nj\u00ebsis\u00eb m\u00ebsimore.<\/p>\n\n\n\n<p><strong>P\u00ebr \u00e7far\u00eb&nbsp; flitet n\u00eb grafik\u00eb?&nbsp; Tabela tregon <\/strong>etj<strong>.<\/strong><\/p>\n\n\n\n<ul class=\"wp-block-list\">\n<li>Ku ka ndodhur zhvillimi dhe ndryshimi n\u00eb grafik\u00eb<br> <\/li>\n\n\n\n<li>K\u00ebrkoni ndryshime t\u00eb papritura dhe zhvillimet n\u00eb baz\u00eb t\u00eb grafit\u00ebs.<br> <\/li>\n\n\n\n<li>K\u00ebrko aspektet kryesore ekstreme nga numri m\u00eb i madh apo i vog\u00ebl n\u00eb tem\u00ebn m\u00ebsimore, duke u bazuar n\u00eb grafik\u00eb<br> <\/li>\n\n\n\n<li>K\u00ebrko ndryshimet nd\u00ebrmjet grupeve apo ngjashm\u00ebrit\u00eb.<br> <\/li>\n<\/ul>\n\n\n\n<p><\/p>\n\n\n\n<div class=\"wp-block-buttons is-layout-flex wp-block-buttons-is-layout-flex\">\n<div class=\"wp-block-button\"><a class=\"wp-block-button__link wp-element-button\" href=\"https:\/\/kielinivel.tnk.fi\/?page_id=74\"><strong>\u276e\u276e&nbsp;TAKAISIN TEKSTIIN<\/strong><\/a><\/div>\n<\/div>\n\n\n\n<p><\/p>\n","protected":false},"excerpt":{"rendered":"<p>N\u00eb format grafike mund ti paraqesim n\u00eb hart\u00eb, tabele apo diagrame duke krahasuar ndryshimet, b\u00ebjm\u00eb plot\u00ebsimin e diturive dhe \u00e7\u00ebshtjeve kryesore brenda nj\u00ebsis\u00eb m\u00ebsimore. P\u00ebr \u00e7far\u00eb&nbsp; flitet n\u00eb grafik\u00eb?&nbsp; Tabela tregon etj.<\/p>\n","protected":false},"author":2,"featured_media":0,"parent":74,"menu_order":5,"comment_status":"closed","ping_status":"closed","template":"","meta":{"footnotes":""},"class_list":["post-950","page","type-page","status-publish","hentry"],"_links":{"self":[{"href":"https:\/\/kielinivel.tnk.fi\/index.php?rest_route=\/wp\/v2\/pages\/950","targetHints":{"allow":["GET"]}}],"collection":[{"href":"https:\/\/kielinivel.tnk.fi\/index.php?rest_route=\/wp\/v2\/pages"}],"about":[{"href":"https:\/\/kielinivel.tnk.fi\/index.php?rest_route=\/wp\/v2\/types\/page"}],"author":[{"embeddable":true,"href":"https:\/\/kielinivel.tnk.fi\/index.php?rest_route=\/wp\/v2\/users\/2"}],"replies":[{"embeddable":true,"href":"https:\/\/kielinivel.tnk.fi\/index.php?rest_route=%2Fwp%2Fv2%2Fcomments&post=950"}],"version-history":[{"count":3,"href":"https:\/\/kielinivel.tnk.fi\/index.php?rest_route=\/wp\/v2\/pages\/950\/revisions"}],"predecessor-version":[{"id":2679,"href":"https:\/\/kielinivel.tnk.fi\/index.php?rest_route=\/wp\/v2\/pages\/950\/revisions\/2679"}],"up":[{"embeddable":true,"href":"https:\/\/kielinivel.tnk.fi\/index.php?rest_route=\/wp\/v2\/pages\/74"}],"wp:attachment":[{"href":"https:\/\/kielinivel.tnk.fi\/index.php?rest_route=%2Fwp%2Fv2%2Fmedia&parent=950"}],"curies":[{"name":"wp","href":"https:\/\/api.w.org\/{rel}","templated":true}]}}