{"id":952,"date":"2024-12-09T12:29:26","date_gmt":"2024-12-09T10:29:26","guid":{"rendered":"https:\/\/kielinivel.tnk.fi\/?page_id=952"},"modified":"2025-01-09T22:37:53","modified_gmt":"2025-01-09T20:37:53","slug":"si-ti-studiojme-mesojme-tekstet-historike-6","status":"publish","type":"page","link":"https:\/\/kielinivel.tnk.fi\/?page_id=952","title":{"rendered":"Si ti studiojm\u00eb &#8211; m\u00ebsojm\u00eb tekstet\u00a0 historike? (6)"},"content":{"rendered":"\n<figure class=\"wp-block-audio\"><audio controls src=\"https:\/\/kielinivel.tnk.fi\/wp-content\/uploads\/2025\/01\/HIstoria_Albania_6.mp3\"><\/audio><\/figure>\n\n\n\n<p>N\u00eb tekstet historike ka shum\u00eb t\u00eb dh\u00ebna, n\u00eb form\u00ebn e drejtimeve t\u00eb ndryshme kohore dhe zhvillimore, si dhe konceptet abstrakte, si industrializimi apo revolucioni industrial. N\u00eb<a> <\/a><a><\/a><a>\u00e7<\/a>\u00ebshtjet abstrakte t\u00eb paraqitura n\u00eb form\u00ebn e nj\u00eb vizatimi apo fotoje, lexuesi duhet t\u00eb vendos\u00eb rreth shembujve dhe t\u00eb shof\u00eb, se \u00e7far\u00eb lloj vetish ka fenomeni i paraqitur.<\/p>\n\n\n\n<p><\/p>\n\n\n\n<div class=\"wp-block-buttons is-layout-flex wp-block-buttons-is-layout-flex\">\n<div class=\"wp-block-button\"><a class=\"wp-block-button__link wp-element-button\" href=\"https:\/\/kielinivel.tnk.fi\/?page_id=74\"><strong>\u276e\u276e&nbsp;TAKAISIN TEKSTIIN<\/strong><\/a><\/div>\n<\/div>\n\n\n\n<p><\/p>\n","protected":false},"excerpt":{"rendered":"<p>N\u00eb tekstet historike ka shum\u00eb t\u00eb dh\u00ebna, n\u00eb form\u00ebn e drejtimeve t\u00eb ndryshme kohore dhe zhvillimore, si dhe konceptet abstrakte, si industrializimi apo revolucioni industrial. N\u00eb \u00e7\u00ebshtjet abstrakte t\u00eb paraqitura n\u00eb form\u00ebn e nj\u00eb vizatimi apo fotoje, lexuesi duhet t\u00eb vendos\u00eb rreth shembujve dhe t\u00eb shof\u00eb, se \u00e7far\u00eb lloj vetish ka fenomeni i paraqitur.<\/p>\n","protected":false},"author":2,"featured_media":0,"parent":74,"menu_order":6,"comment_status":"closed","ping_status":"closed","template":"","meta":{"footnotes":""},"class_list":["post-952","page","type-page","status-publish","hentry"],"_links":{"self":[{"href":"https:\/\/kielinivel.tnk.fi\/index.php?rest_route=\/wp\/v2\/pages\/952","targetHints":{"allow":["GET"]}}],"collection":[{"href":"https:\/\/kielinivel.tnk.fi\/index.php?rest_route=\/wp\/v2\/pages"}],"about":[{"href":"https:\/\/kielinivel.tnk.fi\/index.php?rest_route=\/wp\/v2\/types\/page"}],"author":[{"embeddable":true,"href":"https:\/\/kielinivel.tnk.fi\/index.php?rest_route=\/wp\/v2\/users\/2"}],"replies":[{"embeddable":true,"href":"https:\/\/kielinivel.tnk.fi\/index.php?rest_route=%2Fwp%2Fv2%2Fcomments&post=952"}],"version-history":[{"count":3,"href":"https:\/\/kielinivel.tnk.fi\/index.php?rest_route=\/wp\/v2\/pages\/952\/revisions"}],"predecessor-version":[{"id":2677,"href":"https:\/\/kielinivel.tnk.fi\/index.php?rest_route=\/wp\/v2\/pages\/952\/revisions\/2677"}],"up":[{"embeddable":true,"href":"https:\/\/kielinivel.tnk.fi\/index.php?rest_route=\/wp\/v2\/pages\/74"}],"wp:attachment":[{"href":"https:\/\/kielinivel.tnk.fi\/index.php?rest_route=%2Fwp%2Fv2%2Fmedia&parent=952"}],"curies":[{"name":"wp","href":"https:\/\/api.w.org\/{rel}","templated":true}]}}