{"id":956,"date":"2024-12-09T12:32:43","date_gmt":"2024-12-09T10:32:43","guid":{"rendered":"https:\/\/kielinivel.tnk.fi\/?page_id=956"},"modified":"2024-12-27T15:56:27","modified_gmt":"2024-12-27T13:56:27","slug":"si-ta-mesojme-historine-ne-shtepi","status":"publish","type":"page","link":"https:\/\/kielinivel.tnk.fi\/?page_id=956","title":{"rendered":"Si t\u00e4 m\u00ebsojm\u00eb historin\u00eb n\u00eb sht\u00ebpi?"},"content":{"rendered":"\n<ol class=\"wp-block-list\">\n<li>Lexo titullin e tekstit dhe n\u00ebntitujt. Analizo vizatimet dhe grafitet. Mundohu ti kujtosh proceset kryesore t\u00eb m\u00ebsuara gjat or\u00ebs s\u00eb m\u00ebsimit.<\/li>\n\n\n\n<li>K\u00ebrko \u00e7\u00ebshtjet kryesore brenda tem\u00ebs m\u00ebsimore dhe shenjoj ato.<\/li>\n\n\n\n<li>&nbsp;Shqyrtoni se<a> <\/a><a>\u00e7far\u00eb<\/a> lloj&nbsp; koncepte apo dukuri kemi brenda nj\u00ebsis\u00eb m\u00ebsimore. Si lidhen ato? Cili \u00ebsht\u00eb aspekti me r\u00ebnd\u00ebsi, &nbsp;pasi ke lexuar tekstin m\u00ebsimor\u00eb? Vizato &nbsp;nj\u00eb model dhe tabel\u00eb.<\/li>\n\n\n\n<li>Shenjo fjal\u00ebt dhe t\u00eb cilat nuk i kupton, dhe \u00e7\u00ebshtjet tjera me r\u00ebnd\u00ebsi. Pyete m\u00ebsuesin n\u00eb oren tjet\u00ebr p\u00ebr ato terme t\u00eb cilat nuk i ke kuptuar.<\/li>\n<\/ol>\n\n\n\n<p><\/p>\n\n\n\n<div class=\"wp-block-buttons is-layout-flex wp-block-buttons-is-layout-flex\">\n<div class=\"wp-block-button\"><a class=\"wp-block-button__link wp-element-button\" href=\"https:\/\/kielinivel.tnk.fi\/?page_id=74\"><strong>\u276e\u276e&nbsp;TAKAISIN TEKSTIIN<\/strong><\/a><\/div>\n<\/div>\n\n\n\n<p><\/p>\n","protected":false},"excerpt":{"rendered":"","protected":false},"author":2,"featured_media":0,"parent":74,"menu_order":12,"comment_status":"closed","ping_status":"closed","template":"","meta":{"footnotes":""},"class_list":["post-956","page","type-page","status-publish","hentry"],"_links":{"self":[{"href":"https:\/\/kielinivel.tnk.fi\/index.php?rest_route=\/wp\/v2\/pages\/956","targetHints":{"allow":["GET"]}}],"collection":[{"href":"https:\/\/kielinivel.tnk.fi\/index.php?rest_route=\/wp\/v2\/pages"}],"about":[{"href":"https:\/\/kielinivel.tnk.fi\/index.php?rest_route=\/wp\/v2\/types\/page"}],"author":[{"embeddable":true,"href":"https:\/\/kielinivel.tnk.fi\/index.php?rest_route=\/wp\/v2\/users\/2"}],"replies":[{"embeddable":true,"href":"https:\/\/kielinivel.tnk.fi\/index.php?rest_route=%2Fwp%2Fv2%2Fcomments&post=956"}],"version-history":[{"count":2,"href":"https:\/\/kielinivel.tnk.fi\/index.php?rest_route=\/wp\/v2\/pages\/956\/revisions"}],"predecessor-version":[{"id":972,"href":"https:\/\/kielinivel.tnk.fi\/index.php?rest_route=\/wp\/v2\/pages\/956\/revisions\/972"}],"up":[{"embeddable":true,"href":"https:\/\/kielinivel.tnk.fi\/index.php?rest_route=\/wp\/v2\/pages\/74"}],"wp:attachment":[{"href":"https:\/\/kielinivel.tnk.fi\/index.php?rest_route=%2Fwp%2Fv2%2Fmedia&parent=956"}],"curies":[{"name":"wp","href":"https:\/\/api.w.org\/{rel}","templated":true}]}}