{"id":978,"date":"2024-12-09T13:41:58","date_gmt":"2024-12-09T11:41:58","guid":{"rendered":"https:\/\/kielinivel.tnk.fi\/?page_id=978"},"modified":"2025-01-19T13:19:17","modified_gmt":"2025-01-19T11:19:17","slug":"si-ti-mesojme-njesite-mesimore-nga-lenda-e-kimise-1","status":"publish","type":"page","link":"https:\/\/kielinivel.tnk.fi\/?page_id=978","title":{"rendered":"Si ti m\u00ebsojm\u00eb nj\u00ebsit\u00eb m\u00ebsimore nga l\u00ebnda e kimis\u00eb? &#8211; 1"},"content":{"rendered":"\n<figure class=\"wp-block-audio\"><audio controls src=\"https:\/\/kielinivel.tnk.fi\/wp-content\/uploads\/2025\/01\/Kemia_Albania_1.mp3\"><\/audio><\/figure>\n\n\n\n<p>N\u00eb librin e m\u00ebsimit nga l\u00ebnda e kimis\u00eb kemi t\u00eb b\u00ebjm\u00eb me pyetjen, se nga&nbsp; t\u00eb cilat materjale \u00ebsht\u00eb e p\u00ebrb\u00ebr natyra q\u00eb na rrethon. N\u00eb or\u00ebn e l\u00ebnd\u00ebs s\u00eb kimis\u00eb m\u00ebsojm\u00eb, se si reagojn\u00eb elementet kimike kur\u00eb ato bashkohen apo kur\u00eb rrethanat ndryshojn\u00eb. N\u00eb nj\u00ebsit\u00eb m\u00ebsimore do t\u00eb hasim n\u00eb emra t\u00eb ndrysh\u00ebm t\u00eb elementeve kimike, si dhe reaksionet e tyre gjat p\u00ebrdorimit.<\/p>\n\n\n\n<p><\/p>\n\n\n\n<div class=\"wp-block-buttons is-layout-flex wp-block-buttons-is-layout-flex\">\n<div class=\"wp-block-button\"><a class=\"wp-block-button__link wp-element-button\" href=\"https:\/\/kielinivel.tnk.fi\/?page_id=114\"><strong>\u276e\u276e&nbsp;TAKAISIN TEKSTIIN<\/strong><\/a><\/div>\n<\/div>\n\n\n\n<p><\/p>\n","protected":false},"excerpt":{"rendered":"<p>N\u00eb librin e m\u00ebsimit nga l\u00ebnda e kimis\u00eb kemi t\u00eb b\u00ebjm\u00eb me pyetjen, se nga&nbsp; t\u00eb cilat materjale \u00ebsht\u00eb e p\u00ebrb\u00ebr natyra q\u00eb na rrethon. N\u00eb or\u00ebn e l\u00ebnd\u00ebs s\u00eb kimis\u00eb m\u00ebsojm\u00eb, se si reagojn\u00eb elementet kimike kur\u00eb ato bashkohen apo kur\u00eb rrethanat ndryshojn\u00eb. N\u00eb nj\u00ebsit\u00eb m\u00ebsimore do t\u00eb hasim n\u00eb emra t\u00eb ndrysh\u00ebm t\u00eb [&hellip;]<\/p>\n","protected":false},"author":2,"featured_media":0,"parent":114,"menu_order":1,"comment_status":"closed","ping_status":"closed","template":"","meta":{"footnotes":""},"class_list":["post-978","page","type-page","status-publish","hentry"],"_links":{"self":[{"href":"https:\/\/kielinivel.tnk.fi\/index.php?rest_route=\/wp\/v2\/pages\/978","targetHints":{"allow":["GET"]}}],"collection":[{"href":"https:\/\/kielinivel.tnk.fi\/index.php?rest_route=\/wp\/v2\/pages"}],"about":[{"href":"https:\/\/kielinivel.tnk.fi\/index.php?rest_route=\/wp\/v2\/types\/page"}],"author":[{"embeddable":true,"href":"https:\/\/kielinivel.tnk.fi\/index.php?rest_route=\/wp\/v2\/users\/2"}],"replies":[{"embeddable":true,"href":"https:\/\/kielinivel.tnk.fi\/index.php?rest_route=%2Fwp%2Fv2%2Fcomments&post=978"}],"version-history":[{"count":6,"href":"https:\/\/kielinivel.tnk.fi\/index.php?rest_route=\/wp\/v2\/pages\/978\/revisions"}],"predecessor-version":[{"id":3628,"href":"https:\/\/kielinivel.tnk.fi\/index.php?rest_route=\/wp\/v2\/pages\/978\/revisions\/3628"}],"up":[{"embeddable":true,"href":"https:\/\/kielinivel.tnk.fi\/index.php?rest_route=\/wp\/v2\/pages\/114"}],"wp:attachment":[{"href":"https:\/\/kielinivel.tnk.fi\/index.php?rest_route=%2Fwp%2Fv2%2Fmedia&parent=978"}],"curies":[{"name":"wp","href":"https:\/\/api.w.org\/{rel}","templated":true}]}}