{"id":980,"date":"2024-12-09T13:42:13","date_gmt":"2024-12-09T11:42:13","guid":{"rendered":"https:\/\/kielinivel.tnk.fi\/?page_id=980"},"modified":"2025-01-19T13:19:39","modified_gmt":"2025-01-19T11:19:39","slug":"si-ti-mesojme-njesite-mesimore-nga-lenda-e-kimise-2","status":"publish","type":"page","link":"https:\/\/kielinivel.tnk.fi\/?page_id=980","title":{"rendered":"Si ti m\u00ebsojm\u00eb nj\u00ebsit\u00eb m\u00ebsimore nga l\u00ebnda e kimis\u00eb? &#8211; 2"},"content":{"rendered":"\n<figure class=\"wp-block-audio\"><audio controls src=\"https:\/\/kielinivel.tnk.fi\/wp-content\/uploads\/2025\/01\/Kemia_Albania_2.mp3\"><\/audio><\/figure>\n\n\n\n<p>N\u00eb tekste apo nj\u00ebsi m\u00ebsimore flitet shum\u00eb p\u00ebr elementet dhe p\u00ebrb\u00ebrjen e tyre. Kjo n\u00ebnkupton\u00eb, se <a>\u00e7far\u00eb<\/a> jan\u00eb elementet n\u00eb p\u00ebrb\u00ebrje kimike dhe materjalet.Deri m\u00eb tani jeni m\u00ebsuar q\u00eb ta shpjegoni se \u00e7far\u00eb \u00ebsht\u00eb nj\u00eb dukuri si psh, druri i terur \u00ebsht\u00eb i leht\u00eb dhe i paprishur, &nbsp;kurse n\u00eb l\u00ebnd\u00ebn e kimis\u00eb vetit\u00eb apo karakteristikat e elementeve kimike paraqiten p\u00ebrveq me mbiemer edhe me emrat e tyre.<\/p>\n\n\n\n<p><\/p>\n\n\n\n<div class=\"wp-block-buttons is-layout-flex wp-block-buttons-is-layout-flex\">\n<div class=\"wp-block-button\"><a class=\"wp-block-button__link wp-element-button\" href=\"https:\/\/kielinivel.tnk.fi\/?page_id=114\"><strong>\u276e\u276e&nbsp;TAKAISIN TEKSTIIN<\/strong><\/a><\/div>\n<\/div>\n\n\n\n<p><\/p>\n","protected":false},"excerpt":{"rendered":"<p>N\u00eb tekste apo nj\u00ebsi m\u00ebsimore flitet shum\u00eb p\u00ebr elementet dhe p\u00ebrb\u00ebrjen e tyre. Kjo n\u00ebnkupton\u00eb, se \u00e7far\u00eb jan\u00eb elementet n\u00eb p\u00ebrb\u00ebrje kimike dhe materjalet.Deri m\u00eb tani jeni m\u00ebsuar q\u00eb ta shpjegoni se \u00e7far\u00eb \u00ebsht\u00eb nj\u00eb dukuri si psh, druri i terur \u00ebsht\u00eb i leht\u00eb dhe i paprishur, &nbsp;kurse n\u00eb l\u00ebnd\u00ebn e kimis\u00eb vetit\u00eb apo karakteristikat [&hellip;]<\/p>\n","protected":false},"author":2,"featured_media":0,"parent":114,"menu_order":2,"comment_status":"closed","ping_status":"closed","template":"","meta":{"footnotes":""},"class_list":["post-980","page","type-page","status-publish","hentry"],"_links":{"self":[{"href":"https:\/\/kielinivel.tnk.fi\/index.php?rest_route=\/wp\/v2\/pages\/980","targetHints":{"allow":["GET"]}}],"collection":[{"href":"https:\/\/kielinivel.tnk.fi\/index.php?rest_route=\/wp\/v2\/pages"}],"about":[{"href":"https:\/\/kielinivel.tnk.fi\/index.php?rest_route=\/wp\/v2\/types\/page"}],"author":[{"embeddable":true,"href":"https:\/\/kielinivel.tnk.fi\/index.php?rest_route=\/wp\/v2\/users\/2"}],"replies":[{"embeddable":true,"href":"https:\/\/kielinivel.tnk.fi\/index.php?rest_route=%2Fwp%2Fv2%2Fcomments&post=980"}],"version-history":[{"count":5,"href":"https:\/\/kielinivel.tnk.fi\/index.php?rest_route=\/wp\/v2\/pages\/980\/revisions"}],"predecessor-version":[{"id":3629,"href":"https:\/\/kielinivel.tnk.fi\/index.php?rest_route=\/wp\/v2\/pages\/980\/revisions\/3629"}],"up":[{"embeddable":true,"href":"https:\/\/kielinivel.tnk.fi\/index.php?rest_route=\/wp\/v2\/pages\/114"}],"wp:attachment":[{"href":"https:\/\/kielinivel.tnk.fi\/index.php?rest_route=%2Fwp%2Fv2%2Fmedia&parent=980"}],"curies":[{"name":"wp","href":"https:\/\/api.w.org\/{rel}","templated":true}]}}