{"id":982,"date":"2024-12-09T13:42:27","date_gmt":"2024-12-09T11:42:27","guid":{"rendered":"https:\/\/kielinivel.tnk.fi\/?page_id=982"},"modified":"2025-01-19T13:20:27","modified_gmt":"2025-01-19T11:20:27","slug":"si-ti-mesojme-njesite-mesimore-nga-lenda-e-kimise-3","status":"publish","type":"page","link":"https:\/\/kielinivel.tnk.fi\/?page_id=982","title":{"rendered":"Si ti m\u00ebsojm\u00eb nj\u00ebsit\u00eb m\u00ebsimore nga l\u00ebnda e kimis\u00eb? &#8211; 3"},"content":{"rendered":"\n<figure class=\"wp-block-audio\"><audio controls src=\"https:\/\/kielinivel.tnk.fi\/wp-content\/uploads\/2025\/01\/Kemia_Albania_3.mp3\"><\/audio><\/figure>\n\n\n\n<p>Vetit e elementeve siq jan\u00eb: shkrirja, avullimi etj. <\/p>\n\n\n\n<p>Vetit\u00eb e elementeve dhe materjalet e ndryshme kimike mund\u00eb t\u00eb paraqiten n\u00eb forma shkurtuara psh.&nbsp; ph n\u00ebnkupton pH <strong>\u00ebsht\u00eb nj\u00eb mas\u00eb e p\u00ebrqendrimit t\u00eb joneve t\u00eb hidrogjenit<\/strong>, nj\u00eb mas\u00eb e aciditetit ose alkalinitetit t\u00eb nj\u00eb tret\u00ebsire.<\/p>\n\n\n\n<p><\/p>\n\n\n\n<div class=\"wp-block-buttons is-layout-flex wp-block-buttons-is-layout-flex\">\n<div class=\"wp-block-button\"><a class=\"wp-block-button__link wp-element-button\" href=\"https:\/\/kielinivel.tnk.fi\/?page_id=114\"><strong>\u276e\u276e&nbsp;TAKAISIN TEKSTIIN<\/strong><\/a><\/div>\n<\/div>\n\n\n\n<p><\/p>\n","protected":false},"excerpt":{"rendered":"<p>Vetit e elementeve siq jan\u00eb: shkrirja, avullimi etj. Vetit\u00eb e elementeve dhe materjalet e ndryshme kimike mund\u00eb t\u00eb paraqiten n\u00eb forma shkurtuara psh.&nbsp; ph n\u00ebnkupton pH \u00ebsht\u00eb nj\u00eb mas\u00eb e p\u00ebrqendrimit t\u00eb joneve t\u00eb hidrogjenit, nj\u00eb mas\u00eb e aciditetit ose alkalinitetit t\u00eb nj\u00eb tret\u00ebsire.<\/p>\n","protected":false},"author":2,"featured_media":0,"parent":114,"menu_order":3,"comment_status":"closed","ping_status":"closed","template":"","meta":{"footnotes":""},"class_list":["post-982","page","type-page","status-publish","hentry"],"_links":{"self":[{"href":"https:\/\/kielinivel.tnk.fi\/index.php?rest_route=\/wp\/v2\/pages\/982","targetHints":{"allow":["GET"]}}],"collection":[{"href":"https:\/\/kielinivel.tnk.fi\/index.php?rest_route=\/wp\/v2\/pages"}],"about":[{"href":"https:\/\/kielinivel.tnk.fi\/index.php?rest_route=\/wp\/v2\/types\/page"}],"author":[{"embeddable":true,"href":"https:\/\/kielinivel.tnk.fi\/index.php?rest_route=\/wp\/v2\/users\/2"}],"replies":[{"embeddable":true,"href":"https:\/\/kielinivel.tnk.fi\/index.php?rest_route=%2Fwp%2Fv2%2Fcomments&post=982"}],"version-history":[{"count":6,"href":"https:\/\/kielinivel.tnk.fi\/index.php?rest_route=\/wp\/v2\/pages\/982\/revisions"}],"predecessor-version":[{"id":3630,"href":"https:\/\/kielinivel.tnk.fi\/index.php?rest_route=\/wp\/v2\/pages\/982\/revisions\/3630"}],"up":[{"embeddable":true,"href":"https:\/\/kielinivel.tnk.fi\/index.php?rest_route=\/wp\/v2\/pages\/114"}],"wp:attachment":[{"href":"https:\/\/kielinivel.tnk.fi\/index.php?rest_route=%2Fwp%2Fv2%2Fmedia&parent=982"}],"curies":[{"name":"wp","href":"https:\/\/api.w.org\/{rel}","templated":true}]}}