{"id":984,"date":"2024-12-09T13:42:42","date_gmt":"2024-12-09T11:42:42","guid":{"rendered":"https:\/\/kielinivel.tnk.fi\/?page_id=984"},"modified":"2025-01-19T13:20:50","modified_gmt":"2025-01-19T11:20:50","slug":"si-ti-mesojme-njesite-mesimore-nga-lenda-e-kimise-4","status":"publish","type":"page","link":"https:\/\/kielinivel.tnk.fi\/?page_id=984","title":{"rendered":"Si ti m\u00ebsojm\u00eb nj\u00ebsit\u00eb m\u00ebsimore nga l\u00ebnda e kimis\u00eb? &#8211; 4"},"content":{"rendered":"\n<figure class=\"wp-block-audio\"><audio controls src=\"https:\/\/kielinivel.tnk.fi\/wp-content\/uploads\/2025\/01\/Kemia_Albania_4.mp3\"><\/audio><\/figure>\n\n\n\n<p>Nj\u00ebsit\u00eb m\u00ebsimore n\u00eb brend\u00ebsi kan\u00eb edhe udh\u00ebzues. Dukurit\u00eb me r\u00ebnd\u00ebsi i dallojm\u00eb me ngjyr\u00eb m\u00eb t\u00eb theksuar. N\u00eb l\u00ebnd\u00ebn e kimis\u00eb dhe fizik\u00ebs dallojm\u00eb shum\u00eb shpesh shprehjet&nbsp; me &nbsp;kuptimin e vet, t\u00eb mir\u00ebp\u00ebrcaktuar q\u00eb ndryshon nga kuptimi i p\u00ebrditsh\u00ebm. N\u00eb jet\u00ebn e p\u00ebrditshme uji ka kuptimin, pastrim apo p\u00ebr ta pir\u00eb kurse n\u00eb aspektin e l\u00ebnd\u00ebs s\u00eb kimis\u00eb uji \u00ebsht\u00eb me formul\u00ebn H2O, i formuar nga oksigjeni dhe hidrogjeni. Vet\u00ebm me njohuri t\u00eb p\u00ebrgjith\u00ebshme nuk mund ti kuptojm\u00eb l\u00ebnd\u00ebt e fizik\u00ebs apo kimis\u00eb p\u00ebr pa i studjuar n\u00eb detale p\u00ebrb\u00ebr\u00ebsit e tyre.<\/p>\n\n\n\n<p><\/p>\n\n\n\n<p><\/p>\n\n\n\n<div class=\"wp-block-buttons is-layout-flex wp-block-buttons-is-layout-flex\">\n<div class=\"wp-block-button\"><a class=\"wp-block-button__link wp-element-button\" href=\"https:\/\/kielinivel.tnk.fi\/?page_id=114\"><strong>\u276e\u276e&nbsp;TAKAISIN TEKSTIIN<\/strong><\/a><\/div>\n<\/div>\n\n\n\n<p><\/p>\n","protected":false},"excerpt":{"rendered":"<p>Nj\u00ebsit\u00eb m\u00ebsimore n\u00eb brend\u00ebsi kan\u00eb edhe udh\u00ebzues. Dukurit\u00eb me r\u00ebnd\u00ebsi i dallojm\u00eb me ngjyr\u00eb m\u00eb t\u00eb theksuar. N\u00eb l\u00ebnd\u00ebn e kimis\u00eb dhe fizik\u00ebs dallojm\u00eb shum\u00eb shpesh shprehjet&nbsp; me &nbsp;kuptimin e vet, t\u00eb mir\u00ebp\u00ebrcaktuar q\u00eb ndryshon nga kuptimi i p\u00ebrditsh\u00ebm. N\u00eb jet\u00ebn e p\u00ebrditshme uji ka kuptimin, pastrim apo p\u00ebr ta pir\u00eb kurse n\u00eb aspektin e [&hellip;]<\/p>\n","protected":false},"author":2,"featured_media":0,"parent":114,"menu_order":4,"comment_status":"closed","ping_status":"closed","template":"","meta":{"footnotes":""},"class_list":["post-984","page","type-page","status-publish","hentry"],"_links":{"self":[{"href":"https:\/\/kielinivel.tnk.fi\/index.php?rest_route=\/wp\/v2\/pages\/984","targetHints":{"allow":["GET"]}}],"collection":[{"href":"https:\/\/kielinivel.tnk.fi\/index.php?rest_route=\/wp\/v2\/pages"}],"about":[{"href":"https:\/\/kielinivel.tnk.fi\/index.php?rest_route=\/wp\/v2\/types\/page"}],"author":[{"embeddable":true,"href":"https:\/\/kielinivel.tnk.fi\/index.php?rest_route=\/wp\/v2\/users\/2"}],"replies":[{"embeddable":true,"href":"https:\/\/kielinivel.tnk.fi\/index.php?rest_route=%2Fwp%2Fv2%2Fcomments&post=984"}],"version-history":[{"count":5,"href":"https:\/\/kielinivel.tnk.fi\/index.php?rest_route=\/wp\/v2\/pages\/984\/revisions"}],"predecessor-version":[{"id":3631,"href":"https:\/\/kielinivel.tnk.fi\/index.php?rest_route=\/wp\/v2\/pages\/984\/revisions\/3631"}],"up":[{"embeddable":true,"href":"https:\/\/kielinivel.tnk.fi\/index.php?rest_route=\/wp\/v2\/pages\/114"}],"wp:attachment":[{"href":"https:\/\/kielinivel.tnk.fi\/index.php?rest_route=%2Fwp%2Fv2%2Fmedia&parent=984"}],"curies":[{"name":"wp","href":"https:\/\/api.w.org\/{rel}","templated":true}]}}