{"id":988,"date":"2024-12-09T13:43:12","date_gmt":"2024-12-09T11:43:12","guid":{"rendered":"https:\/\/kielinivel.tnk.fi\/?page_id=988"},"modified":"2025-01-19T13:22:01","modified_gmt":"2025-01-19T11:22:01","slug":"si-ti-mesojme-njesite-mesimore-nga-lenda-e-kimise-6","status":"publish","type":"page","link":"https:\/\/kielinivel.tnk.fi\/?page_id=988","title":{"rendered":"Si ti m\u00ebsojm\u00eb nj\u00ebsit\u00eb m\u00ebsimore nga l\u00ebnda e kimis\u00eb? &#8211; 6"},"content":{"rendered":"\n<figure class=\"wp-block-audio\"><audio controls src=\"https:\/\/kielinivel.tnk.fi\/wp-content\/uploads\/2025\/01\/Kemia_Albania_6.mp3\"><\/audio><\/figure>\n\n\n\n<p>Substancat dhe vetit\u00eb, si dhe dukurit\u00eb kimike mund t\u00eb klasifikohen dhe r\u00ebnditen n\u00eb baz\u00eb t\u00eb vetive t\u00eb ndryshme. K\u00ebto njohuri mund\u00eb t\u00eb paraqiten n\u00eb form\u00ebn e tabeles. N\u00eb brend\u00ebsin\u00eb e tabeles mund\u00eb t\u00eb gjejm\u00eb njohuri t\u00eb mjaftueshme t\u00eb cilat jan\u00eb t\u00eb p\u00ebrgjith\u00ebsuara&nbsp; n\u00eb form\u00ebn e shkurt\u00ebr. Kur\u00eb njohurit nga tabela i komentojm\u00eb, n\u00eb baz\u00eb t\u00eb numrave dhe veqorive t\u00eb elementeve kimike duke krijuar fjali t\u00eb plota p\u00ebr to, si psh. Pika e vlimit t\u00eb ujit \u00ebsht\u00eb 100 grad\u00eb t\u00eb Celsiusit dhe pika e ngrirjes \u00ebsht\u00eb 0 grad\u00eb Celsius. N\u00eb baz\u00eb t\u00eb fakteve tabelare, mund\u00eb t\u00eb vim\u00eb deri n\u00eb p\u00ebrfundime t\u00eb ndryshme duke i krahasuar, dhe k\u00ebrkuar numrat e m\u00ebdhenj\u00eb e t\u00eb vegj\u00ebl, vetit\u00eb dhe karakteristikat e ndryshimeve t\u00eb elementeve kimike.<\/p>\n\n\n\n<p><\/p>\n\n\n\n<p><\/p>\n\n\n\n<div class=\"wp-block-buttons is-layout-flex wp-block-buttons-is-layout-flex\">\n<div class=\"wp-block-button\"><a class=\"wp-block-button__link wp-element-button\" href=\"https:\/\/kielinivel.tnk.fi\/?page_id=114\"><strong>\u276e\u276e&nbsp;TAKAISIN TEKSTIIN<\/strong><\/a><\/div>\n<\/div>\n\n\n\n<p><\/p>\n","protected":false},"excerpt":{"rendered":"<p>Substancat dhe vetit\u00eb, si dhe dukurit\u00eb kimike mund t\u00eb klasifikohen dhe r\u00ebnditen n\u00eb baz\u00eb t\u00eb vetive t\u00eb ndryshme. K\u00ebto njohuri mund\u00eb t\u00eb paraqiten n\u00eb form\u00ebn e tabeles. N\u00eb brend\u00ebsin\u00eb e tabeles mund\u00eb t\u00eb gjejm\u00eb njohuri t\u00eb mjaftueshme t\u00eb cilat jan\u00eb t\u00eb p\u00ebrgjith\u00ebsuara&nbsp; n\u00eb form\u00ebn e shkurt\u00ebr. Kur\u00eb njohurit nga tabela i komentojm\u00eb, n\u00eb baz\u00eb t\u00eb [&hellip;]<\/p>\n","protected":false},"author":2,"featured_media":0,"parent":114,"menu_order":6,"comment_status":"closed","ping_status":"closed","template":"","meta":{"footnotes":""},"class_list":["post-988","page","type-page","status-publish","hentry"],"_links":{"self":[{"href":"https:\/\/kielinivel.tnk.fi\/index.php?rest_route=\/wp\/v2\/pages\/988","targetHints":{"allow":["GET"]}}],"collection":[{"href":"https:\/\/kielinivel.tnk.fi\/index.php?rest_route=\/wp\/v2\/pages"}],"about":[{"href":"https:\/\/kielinivel.tnk.fi\/index.php?rest_route=\/wp\/v2\/types\/page"}],"author":[{"embeddable":true,"href":"https:\/\/kielinivel.tnk.fi\/index.php?rest_route=\/wp\/v2\/users\/2"}],"replies":[{"embeddable":true,"href":"https:\/\/kielinivel.tnk.fi\/index.php?rest_route=%2Fwp%2Fv2%2Fcomments&post=988"}],"version-history":[{"count":6,"href":"https:\/\/kielinivel.tnk.fi\/index.php?rest_route=\/wp\/v2\/pages\/988\/revisions"}],"predecessor-version":[{"id":3634,"href":"https:\/\/kielinivel.tnk.fi\/index.php?rest_route=\/wp\/v2\/pages\/988\/revisions\/3634"}],"up":[{"embeddable":true,"href":"https:\/\/kielinivel.tnk.fi\/index.php?rest_route=\/wp\/v2\/pages\/114"}],"wp:attachment":[{"href":"https:\/\/kielinivel.tnk.fi\/index.php?rest_route=%2Fwp%2Fv2%2Fmedia&parent=988"}],"curies":[{"name":"wp","href":"https:\/\/api.w.org\/{rel}","templated":true}]}}