{"id":990,"date":"2024-12-09T13:43:28","date_gmt":"2024-12-09T11:43:28","guid":{"rendered":"https:\/\/kielinivel.tnk.fi\/?page_id=990"},"modified":"2025-01-19T13:21:39","modified_gmt":"2025-01-19T11:21:39","slug":"si-ti-mesojme-njesite-mesimore-nga-lenda-e-kimise-7","status":"publish","type":"page","link":"https:\/\/kielinivel.tnk.fi\/?page_id=990","title":{"rendered":"Si ti m\u00ebsojm\u00eb nj\u00ebsit\u00eb m\u00ebsimore nga l\u00ebnda e kimis\u00eb? &#8211; 7"},"content":{"rendered":"\n<figure class=\"wp-block-audio\"><audio controls src=\"https:\/\/kielinivel.tnk.fi\/wp-content\/uploads\/2025\/01\/Kemia_Albania_7.mp3\"><\/audio><\/figure>\n\n\n\n<p>Emrat t\u00eb dukurive kimike siq jan\u00eb-(avullim, shkrirje, sublimim) m\u00eb pas mund t\u00eb shnd\u00ebrrohen n\u00eb folje: avullohet, shkrihet, sublimohet. Si e verbalizoni apo e shprehni me goj\u00eb diagramin e tekstit?<\/p>\n\n\n\n<p class=\"has-text-color has-link-color wp-elements-4eae04228225c56d8b72c296e5782190\" style=\"color:#0075b9\">Kur elementet kimike bashkohen ato krijojn\u00eb reaksin kimik dhe nx\u00ebn\u00ebsi duhet ti m\u00ebsoj\u00eb dhe shpjegoj shkaqet e reagimit n\u00eb form\u00ebn e shembullit me ekuacionin e reagimit;<\/p>\n\n\n\n<figure class=\"wp-block-image aligncenter size-full\"><img loading=\"lazy\" decoding=\"async\" width=\"161\" height=\"32\" src=\"https:\/\/kielinivel.tnk.fi\/wp-content\/uploads\/2024\/12\/Reaktioyhtalo.png\" alt=\"reaktioyht\u00e4l\u00f6\" class=\"wp-image-792\"\/><\/figure>\n\n\n\n<p class=\"has-text-color has-link-color wp-elements-11360ad12bdcb2b37933c0a8c07019e1\" style=\"color:#0075b9\"><strong>K\u00ebtu mund t\u00eb pershkruhet djegia e magnezit . N\u00eb t\u00eb majt\u00eb t\u00eb ekuacionit kimik kemi reagimet e &nbsp;materialeve fillestare pra (magnezi dhe oksigjeni) dhe n\u00eb t\u00eb djatht\u00eb jan\u00eb produktet e reagimit (oksidi i magnezit). <\/strong>Shenjat kimike t\u00eb elementeve p\u00ebrdoren n\u00eb ekuacionet e reaksionit, prandaj \u00ebsht\u00eb e r\u00ebnd\u00ebsishme t&#8217;i njohim ato. N\u00eb reagim, numri i atomeve mbetet gjithmon\u00eb i nj\u00ebjt\u00eb. Ekuacionet e reagimit mund t\u00eb ilustrohen edhe me ndihm\u00ebn e modeleve t\u00eb vizatuara pra magnez + oksid magnezi, oksigjeni.<\/p>\n\n\n\n<figure class=\"wp-block-image aligncenter size-full\"><img loading=\"lazy\" decoding=\"async\" width=\"351\" height=\"100\" src=\"https:\/\/kielinivel.tnk.fi\/wp-content\/uploads\/2024\/12\/Reaktioyhtalon-piirretty-malli.png\" alt=\"Reaktioyhta\u0308lo\u0308n piirretty malli\" class=\"wp-image-794\" srcset=\"https:\/\/kielinivel.tnk.fi\/wp-content\/uploads\/2024\/12\/Reaktioyhtalon-piirretty-malli.png 351w, https:\/\/kielinivel.tnk.fi\/wp-content\/uploads\/2024\/12\/Reaktioyhtalon-piirretty-malli-300x85.png 300w\" sizes=\"auto, (max-width: 351px) 100vw, 351px\" \/><\/figure>\n\n\n\n<p><\/p>\n\n\n\n<p><\/p>\n\n\n\n<p><\/p>\n\n\n\n<div class=\"wp-block-buttons is-layout-flex wp-block-buttons-is-layout-flex\">\n<div class=\"wp-block-button\"><a class=\"wp-block-button__link wp-element-button\" href=\"https:\/\/kielinivel.tnk.fi\/?page_id=114\"><strong>\u276e\u276e&nbsp;TAKAISIN TEKSTIIN<\/strong><\/a><\/div>\n<\/div>\n\n\n\n<p><\/p>\n","protected":false},"excerpt":{"rendered":"<p>Emrat t\u00eb dukurive kimike siq jan\u00eb-(avullim, shkrirje, sublimim) m\u00eb pas mund t\u00eb shnd\u00ebrrohen n\u00eb folje: avullohet, shkrihet, sublimohet. Si e verbalizoni apo e shprehni me goj\u00eb diagramin e tekstit? Kur elementet kimike bashkohen ato krijojn\u00eb reaksin kimik dhe nx\u00ebn\u00ebsi duhet ti m\u00ebsoj\u00eb dhe shpjegoj shkaqet e reagimit n\u00eb form\u00ebn e shembullit me ekuacionin e reagimit; [&hellip;]<\/p>\n","protected":false},"author":2,"featured_media":0,"parent":114,"menu_order":7,"comment_status":"closed","ping_status":"closed","template":"","meta":{"footnotes":""},"class_list":["post-990","page","type-page","status-publish","hentry"],"_links":{"self":[{"href":"https:\/\/kielinivel.tnk.fi\/index.php?rest_route=\/wp\/v2\/pages\/990","targetHints":{"allow":["GET"]}}],"collection":[{"href":"https:\/\/kielinivel.tnk.fi\/index.php?rest_route=\/wp\/v2\/pages"}],"about":[{"href":"https:\/\/kielinivel.tnk.fi\/index.php?rest_route=\/wp\/v2\/types\/page"}],"author":[{"embeddable":true,"href":"https:\/\/kielinivel.tnk.fi\/index.php?rest_route=\/wp\/v2\/users\/2"}],"replies":[{"embeddable":true,"href":"https:\/\/kielinivel.tnk.fi\/index.php?rest_route=%2Fwp%2Fv2%2Fcomments&post=990"}],"version-history":[{"count":8,"href":"https:\/\/kielinivel.tnk.fi\/index.php?rest_route=\/wp\/v2\/pages\/990\/revisions"}],"predecessor-version":[{"id":3633,"href":"https:\/\/kielinivel.tnk.fi\/index.php?rest_route=\/wp\/v2\/pages\/990\/revisions\/3633"}],"up":[{"embeddable":true,"href":"https:\/\/kielinivel.tnk.fi\/index.php?rest_route=\/wp\/v2\/pages\/114"}],"wp:attachment":[{"href":"https:\/\/kielinivel.tnk.fi\/index.php?rest_route=%2Fwp%2Fv2%2Fmedia&parent=990"}],"curies":[{"name":"wp","href":"https:\/\/api.w.org\/{rel}","templated":true}]}}