{"id":996,"date":"2024-12-09T13:44:35","date_gmt":"2024-12-09T11:44:35","guid":{"rendered":"https:\/\/kielinivel.tnk.fi\/?page_id=996"},"modified":"2024-12-27T15:57:29","modified_gmt":"2024-12-27T13:57:29","slug":"si-te-pregaditemi-per-provimin-e-kimise","status":"publish","type":"page","link":"https:\/\/kielinivel.tnk.fi\/?page_id=996","title":{"rendered":"Si t\u00eb pregaditemi p\u00ebr provimin e kimis\u00eb?"},"content":{"rendered":"\n<ol class=\"wp-block-list\">\n<li>P\u00ebrs\u00ebriti kapitujt dhe nj\u00ebsit\u00eb m\u00ebsimore disa dit\u00eb me radh\u00eb para provimit. Shkruaj, vizato tabela dhe gj\u00ebrat m\u00eb t\u00eb r\u00ebnd\u00ebsishme p\u00ebr ti mbajtur mend.<\/li>\n\n\n\n<li>Sigurohu q\u00eb ti dish\u00eb shkurticat e elementeve dhe substancave kimike.<\/li>\n\n\n\n<li>Sigurohu &nbsp;q\u00eb t\u00eb kuptoni gj\u00ebrat e treguara n\u00eb tekst nga diagramet, ekuacionet e reagimit dhe figurat n\u00eb lib\u00ebr.<\/li>\n\n\n\n<li>&nbsp;Analizo shembujt me detyr\u00ebn dhe rezultatin e arritur, n\u00ebse e dini q\u00eb ato do t\u00eb paraqiten n\u00eb provim.<\/li>\n<\/ol>\n\n\n\n<p><\/p>\n\n\n\n<p><\/p>\n\n\n\n<div class=\"wp-block-buttons is-layout-flex wp-block-buttons-is-layout-flex\">\n<div class=\"wp-block-button\"><a class=\"wp-block-button__link wp-element-button\" href=\"https:\/\/kielinivel.tnk.fi\/?page_id=114\"><strong>\u276e\u276e&nbsp;TAKAISIN TEKSTIIN<\/strong><\/a><\/div>\n<\/div>\n\n\n\n<p><\/p>\n","protected":false},"excerpt":{"rendered":"","protected":false},"author":2,"featured_media":0,"parent":114,"menu_order":13,"comment_status":"closed","ping_status":"closed","template":"","meta":{"footnotes":""},"class_list":["post-996","page","type-page","status-publish","hentry"],"_links":{"self":[{"href":"https:\/\/kielinivel.tnk.fi\/index.php?rest_route=\/wp\/v2\/pages\/996","targetHints":{"allow":["GET"]}}],"collection":[{"href":"https:\/\/kielinivel.tnk.fi\/index.php?rest_route=\/wp\/v2\/pages"}],"about":[{"href":"https:\/\/kielinivel.tnk.fi\/index.php?rest_route=\/wp\/v2\/types\/page"}],"author":[{"embeddable":true,"href":"https:\/\/kielinivel.tnk.fi\/index.php?rest_route=\/wp\/v2\/users\/2"}],"replies":[{"embeddable":true,"href":"https:\/\/kielinivel.tnk.fi\/index.php?rest_route=%2Fwp%2Fv2%2Fcomments&post=996"}],"version-history":[{"count":3,"href":"https:\/\/kielinivel.tnk.fi\/index.php?rest_route=\/wp\/v2\/pages\/996\/revisions"}],"predecessor-version":[{"id":1027,"href":"https:\/\/kielinivel.tnk.fi\/index.php?rest_route=\/wp\/v2\/pages\/996\/revisions\/1027"}],"up":[{"embeddable":true,"href":"https:\/\/kielinivel.tnk.fi\/index.php?rest_route=\/wp\/v2\/pages\/114"}],"wp:attachment":[{"href":"https:\/\/kielinivel.tnk.fi\/index.php?rest_route=%2Fwp%2Fv2%2Fmedia&parent=996"}],"curies":[{"name":"wp","href":"https:\/\/api.w.org\/{rel}","templated":true}]}}